{"id":89,"date":"2024-09-24T16:10:35","date_gmt":"2024-09-24T07:10:35","guid":{"rendered":"https:\/\/www.int.sentia-sendai.jp\/nihongo-vn\/?page_id=89"},"modified":"2026-02-28T10:27:14","modified_gmt":"2026-02-28T01:27:14","slug":"khoa-tieng-nhat-sendai","status":"publish","type":"page","link":"https:\/\/www.int.sentia-sendai.jp\/nihongo-vn\/class\/sj_course\/","title":{"rendered":"Kh\u00f3a ti\u1ebfng Nh\u1eadt Sendai"},"content":{"rendered":"\n<pre class=\"wp-block-preformatted headline\" style=\"font-size:16px\">B\u1ea1n c\u00f3 mu\u1ed1n h\u1ecdc ti\u1ebfng Nh\u1eadt vui v\u1ebb trong m\u1ed9t l\u1edbp h\u1ecdc \u1ea5m \u00e1p kh\u00f4ng?<\/pre>\n\n\n\n<p>L\u1edbp h\u1ecdc ti\u1ebfng Nh\u1eadt \u0111\u01b0\u1ee3c m\u1edf ra m\u1ed7i tu\u1ea7n t\u1eeb th\u1ee9 3 \u0111\u1ebfn th\u1ee9 6. H\u1ecdc t\u1eeb c\u01a1 b\u1ea3n \u0111\u1ebfn n\u00e2ng cao, v\u00e0 chia l\u1edbp theo tr\u00ecnh \u0111\u1ed9 \u0111\u1ec3 h\u1ecdc. B\u1ea1n s\u1ebd c\u00f3 c\u01a1 h\u1ed9i h\u1ecdc v\u1ec1, nh\u1eefng v\u1ea5n \u0111\u1ec1 li\u00ean quan \u0111\u1ebfn sinh ho\u1ea1t cu\u1ed9c s\u1ed1ng h\u1eb1ng ng\u00e0y t\u1ea1i Nh\u1eadt, v\u00e0 l\u1edbp h\u1ecdc h\u00e1n t\u1ef1. L\u1edbp h\u1ecdc n\u00e0o c\u0169ng c\u00f3 nh\u1eefng gi\u00e1o vi\u00ean t\u1eadn t\u00e2m v\u00e0 gi\u00e0u kinh nghi\u1ec7m ph\u1ee5 tr\u00e1ch. V\u1ec1 gi\u1edd h\u1ecdc th\u00ec k\u00ec 1 s\u1ebd b\u1eaft \u0111\u1ea7u v\u00e0o th\u00e1ng 4, k\u00ec 2 s\u1ebd b\u1eaft \u0111\u1ea7u v\u00e0o th\u00e1ng 10. C\u00f9ng h\u1ecdc ti\u1ebfng Nh\u1eadt vui v\u1ebb n\u00e0o.<\/p>\n\n\n\n<figure class=\"wp-block-table mb60-table\"><table><tbody><tr><td class=\"table-tit1\">\u0110\u1ed1i t\u01b0\u1ee3ng<\/td><td>S\u01a1 c\u1ea5p, Trung c\u1ea5p,Th\u01b0\u1ee3ng c\u1ea5p ,h\u1ecdc H\u00e1n t\u1ef1<\/td><\/tr><tr><td class=\"table-tit1\">Th\u1eddi \u0111i\u1ec3m<\/td><td>K\u00ec 1 t\u1eeb th\u00e1ng 4\uff5eth\u00e1ng 9\uff0fk\u00ec 2 t\u1eeb th\u00e1ng 10\uff5eth\u00e1ng 3<\/td><\/tr><tr><td class=\"table-tit1\">Ng\u00e0y gi\u1edd ho\u1ea1t \u0111\u1ed9ng<\/td><td>T\u00f9y m\u1ed7i l\u1edbp s\u1ebd kh\u00e1c nhau.<\/td><\/tr><tr><td class=\"table-tit1\">Ph\u00ed<\/td><td>Mi\u1ec5n ph\u00ed\uff0aph\u00ed s\u00e1ch gi\u00e1o khoa t\u1ef1 tr\u1ea3\uff0a<\/td><\/tr><tr><td class=\"table-tit1\">\u0110\u1ecba \u0111i\u1ec3m<\/td><td>Aobaku Chuo Shimin Center\uff08<a rel=\"noreferrer noopener\" href=\"https:\/\/www.sendai-shimincenter.jp\/aoba\/aobachuou\/\" target=\"_blank\">Sendai-shi Aoba-ku Ichiban-cho 2-1-4<\/a>\uff09<\/td><\/tr><tr><td class=\"table-tit1\">Li\u00ean h\u1ec7<\/td><td>Aobaku Chuo Shimin Center TEL\uff1a022-263-5010<br>Hi\u1ec7p h\u1ed9i qu\u1ed1c t\u1ebf du l\u1ecbch Sendai TEL\uff1a022-268-6260<\/td><\/tr><\/tbody><\/table><\/figure>\n\n\n\n<figure class=\"wp-block-image aligncenter size-large\"><img loading=\"lazy\" decoding=\"async\" width=\"1024\" height=\"768\" src=\"https:\/\/www.int.sentia-sendai.jp\/nihongo-vn\/_manage\/wp-content\/uploads\/2024\/09\/\u305b\u3093\u3060\u3044\u65e5\u672c\u8a9e\u8b1b\u5ea7-1-1024x768.jpg\" alt=\"\" class=\"wp-image-92\" srcset=\"https:\/\/www.int.sentia-sendai.jp\/nihongo-vn\/_manage\/wp-content\/uploads\/2024\/09\/\u305b\u3093\u3060\u3044\u65e5\u672c\u8a9e\u8b1b\u5ea7-1-1024x768.jpg 1024w, https:\/\/www.int.sentia-sendai.jp\/nihongo-vn\/_manage\/wp-content\/uploads\/2024\/09\/\u305b\u3093\u3060\u3044\u65e5\u672c\u8a9e\u8b1b\u5ea7-1-300x225.jpg 300w, https:\/\/www.int.sentia-sendai.jp\/nihongo-vn\/_manage\/wp-content\/uploads\/2024\/09\/\u305b\u3093\u3060\u3044\u65e5\u672c\u8a9e\u8b1b\u5ea7-1-768x576.jpg 768w, https:\/\/www.int.sentia-sendai.jp\/nihongo-vn\/_manage\/wp-content\/uploads\/2024\/09\/\u305b\u3093\u3060\u3044\u65e5\u672c\u8a9e\u8b1b\u5ea7-1-1536x1152.jpg 1536w, https:\/\/www.int.sentia-sendai.jp\/nihongo-vn\/_manage\/wp-content\/uploads\/2024\/09\/\u305b\u3093\u3060\u3044\u65e5\u672c\u8a9e\u8b1b\u5ea7-1-2048x1536.jpg 2048w\" sizes=\"(max-width: 1024px) 100vw, 1024px\" \/><\/figure>\n\n\n\n<h3 class=\"wp-block-heading\">T\u1ea3i v\u1ec1<\/h3>\n\n\n<a href = 'https:\/\/int.sentia-sendai.jp\/blog\/wp-content\/uploads\/2026\/02\/flyer202604_v_1_merged.pdf'> \u305b\u3093\u3060\u3044\u65e5\u672c\u8a9e\u8b1b\u5ea7\u300c2026\u5e74\u5ea6\u524d\u671f\u6848\u5185\uff08Ti\u1ebfng Vi\u1ec7t\u30fb\u30d9\u30c8\u30ca\u30e0\u8a9e\uff09\u300d[PDF]<\/a><br>\n<a href = 'https:\/\/int.sentia-sendai.jp\/blog\/wp-content\/uploads\/2026\/02\/05_application-v202604.pdf'> \u7533\u8fbc\u66f8\uff08Ti\u1ebfng Vi\u1ec7t\u30fb\u30d9\u30c8\u30ca\u30e0\u8a9e\uff09[PDF]<\/a><br>\n<a href = 'https:\/\/int.sentia-sendai.jp\/blog\/wp-content\/uploads\/2026\/02\/05_application-v202604.doc'> \u7533\u8fbc\u66f8\uff08Ti\u1ebfng Vi\u1ec7t\u30fb\u30d9\u30c8\u30ca\u30e0\u8a9e\uff09[Word]<\/a><br>\n","protected":false},"excerpt":{"rendered":"<p>B\u1ea1n c\u00f3 mu\u1ed1n h\u1ecdc ti\u1ebfng Nh\u1eadt vui v\u1ebb trong m\u1ed9t l\u1edbp h\u1ecdc \u1ea5m \u00e1p kh\u00f4ng? L\u1edbp h\u1ecdc ti\u1ebfng Nh\u1eadt \u0111\u01b0\u1ee3c m\u1edf ra m\u1ed7i tu\u1ea7n t\u1eeb th\u1ee9 [&hellip;]<\/p>\n","protected":false},"author":1,"featured_media":0,"parent":67,"menu_order":0,"comment_status":"closed","ping_status":"closed","template":"","meta":{"footnotes":""},"class_list":["post-89","page","type-page","status-publish","hentry"],"_links":{"self":[{"href":"https:\/\/www.int.sentia-sendai.jp\/nihongo-vn\/wp-json\/wp\/v2\/pages\/89"}],"collection":[{"href":"https:\/\/www.int.sentia-sendai.jp\/nihongo-vn\/wp-json\/wp\/v2\/pages"}],"about":[{"href":"https:\/\/www.int.sentia-sendai.jp\/nihongo-vn\/wp-json\/wp\/v2\/types\/page"}],"author":[{"embeddable":true,"href":"https:\/\/www.int.sentia-sendai.jp\/nihongo-vn\/wp-json\/wp\/v2\/users\/1"}],"replies":[{"embeddable":true,"href":"https:\/\/www.int.sentia-sendai.jp\/nihongo-vn\/wp-json\/wp\/v2\/comments?post=89"}],"version-history":[{"count":14,"href":"https:\/\/www.int.sentia-sendai.jp\/nihongo-vn\/wp-json\/wp\/v2\/pages\/89\/revisions"}],"predecessor-version":[{"id":416,"href":"https:\/\/www.int.sentia-sendai.jp\/nihongo-vn\/wp-json\/wp\/v2\/pages\/89\/revisions\/416"}],"up":[{"embeddable":true,"href":"https:\/\/www.int.sentia-sendai.jp\/nihongo-vn\/wp-json\/wp\/v2\/pages\/67"}],"wp:attachment":[{"href":"https:\/\/www.int.sentia-sendai.jp\/nihongo-vn\/wp-json\/wp\/v2\/media?parent=89"}],"curies":[{"name":"wp","href":"https:\/\/api.w.org\/{rel}","templated":true}]}}