{"id":67,"date":"2024-09-24T16:03:13","date_gmt":"2024-09-24T07:03:13","guid":{"rendered":"https:\/\/www.int.sentia-sendai.jp\/nihongo-vn\/?page_id=67"},"modified":"2026-03-31T17:11:32","modified_gmt":"2026-03-31T08:11:32","slug":"phong-hoc-tieng-nhat-trong-khu-vuc","status":"publish","type":"page","link":"https:\/\/www.int.sentia-sendai.jp\/nihongo-vn\/class\/","title":{"rendered":"Ph\u00f2ng h\u1ecdc ti\u1ebfng Nh\u1eadt trong khu v\u1ef1c"},"content":{"rendered":"\n<pre class=\"wp-block-preformatted headline\" style=\"font-size:16px\">T\u1ea1i Sendai, c\u00f3 r\u1ea5t nhi\u1ec1u n\u01a1i h\u1ecdc ti\u1ebfng Nh\u1eadt. Th\u1eddi \u0111i\u1ec3m khai gi\u1ea3ng, n\u1ed9i dung, ph\u00ed tham gia m\u1ed7i n\u01a1i \u0111\u1ec1u kh\u00e1c. B\u1ea1n h\u00e3y t\u00ecm ph\u00f2ng h\u1ecdc n\u00e0o ph\u00f9 h\u1ee3p v\u1edbi m\u00ecnh nh\u00e9!<\/pre>\n\n\n\n<div class=\"nav-class\">\n<ul class=\"tit-class\">\n <li><a href=\"#revel\">H\u00ecnh th\u1ee9c l\u1edbp h\u1ecdc, chia l\u1edbp theo tr\u00ecnh \u0111\u1ed9<\/a>\n  <ul class=\"sub-tit-class1\">\n   <li><a href=\"#sendai-nihongo\">Kh\u00f3a ti\u1ebfng Nh\u1eadt Sendai<\/a><\/li>\n   <li><a href=\"#tea-room\">Ti\u1ebfng Nh\u1eadt Tea Room<\/a><\/li>\n   <li><a href=\"#ICAS-nihongo\">Kh\u00f3a ti\u1ebfng Nh\u1eadt ICAS<\/a><\/li>\n   <li><a href=\"#satto-nihongo\">Kh\u00f3a ti\u1ebfng Nh\u1eadt d\u00e0nh cho tr\u1ebb em<br>\u300cC\u00e2u l\u1ea1c b\u1ed9 ti\u1ebfng Nh\u1eadt c\u1ea5p t\u1ed1c\u300d<\/a><\/li>\n   <li><a href=\"#kodomo-support\">H\u1ed9i h\u1ed7 tr\u1ee3 tr\u1ebb em n\u01b0\u1edbc ngo\u00e0i<\/a><\/li>\n   <li><a href=\"#MIA-nihongo\">Kh\u00f3a ti\u1ebfng Nh\u1eadt MIA<\/a><\/li>\n   <li><a href=\"#sjls-nihongo\">Ph\u00f2ng h\u1ecdc ti\u1ebfng Nh\u1eadt d\u00e0nh cho h\u1ecdc sinh ti\u1ec3u h\u1ecdc v\u00e0 trung h\u1ecdc<\/a><\/li>\n   <li><a href=\"#sentva\">Hi\u1ec7p h\u1ed9i ng\u01b0\u1eddi Vi\u1ec7t \u1edf Sendai\u3000Ph\u00f2ng ti\u1ebfng Nh\u1eadt SenTVA<\/a><\/li>\n  <\/ul>\n <\/li>\n <li><a href=\"#small-group\">L\u1edbp h\u1ecdc c\u00e1 nh\u00e2n, nh\u00f3m nh\u1ecf<\/a>\n  <ul class=\"sub-tit-class2\">\n   <li><a href=\"#nihongo-mori\">Ti\u1ebfng Nh\u1eadt Mori<\/a><\/li>\n   <li><a href=\"#izumi-salon\">Salon ti\u1ebfng Nh\u1eadt Izumi<\/a><\/li>\n   <li><a href=\"#honnomori-cafe\">H\u1ed9i nghi\u00ean c\u1ee9u Cafe \u0111\u1ecdc s\u00e1ch<\/a><\/li>\n  <\/ul>\n <\/li>\n <li><a href=\"#student-group\">Nh\u00f3m do h\u1ecdc sinh ch\u1ee7 \u0111\u1ea1o<\/a>\n  <ul class=\"sub-tit-class3\">\n   <li><a href=\"#HANDS\">Tr\u01b0\u1eddng \u0111\u1ea1i h\u1ecdc Tohoku Gakuin<br>C\u00e2u l\u1ea1c b\u1ed9 t\u00ecnh nguy\u1ec7n vi\u00ean ti\u1ebfng Nh\u1eadt HANDS<\/a><\/li>\n  <\/ul>\n <\/li>\n<\/ul>\n<\/div>\n\n\n\n<h3 class=\"wp-block-heading\">H\u00ecnh th\u1ee9c l\u1edbp h\u1ecdc, chia l\u1edbp theo tr\u00ecnh \u0111\u1ed9<\/h3>\n\n\n\n<a href=\".\/sj_course\" target=\"_blank\" rel=\"noopener\"><h4 class=\"tit-course\" id=\"sendai-nihongo\">Kh\u00f3a ti\u1ebfng Nh\u1eadt Sendai<br>\uff08\u305b\u3093\u3060\u3044\u65e5\u672c\u8a9e\u8b1b\u5ea7\uff09<\/h4><\/a><p class=\"tit-detail\"><a href=\".\/sj_course\" target=\"_blank\" rel=\"noopener\">&gt;&gt;Th\u00f4ng tin chi ti\u1ebft<\/a><\/p>\n\n\n\n<p class=\"class-tit1 under-element\">C\u00f3 r\u1ea5t nhi\u1ec1u l\u1edbp h\u1ecdc ph\u00f9 h\u1ee3p v\u1edbi tr\u00ecnh \u0111\u1ed9 ti\u1ebfng Nh\u1eadt c\u1ee7a b\u1ea1n.<\/p>\n\n\n\n<figure class=\"wp-block-table mb60-table under-element\"><table><tbody><tr><td class=\"table-tit1\">\u0110\u1ed1i t\u01b0\u1ee3ng<\/td><td>S\u01a1 c\u1ea5p, Trung c\u1ea5p,Th\u01b0\u1ee3ng c\u1ea5p, h\u1ecdc H\u00e1n t\u1ef1<\/td><\/tr><tr><td class=\"table-tit1\">Th\u1eddi \u0111i\u1ec3m<\/td><td>K\u00ec 1 t\u1eeb th\u00e1ng 4\uff5eth\u00e1ng 9\uff0fk\u00ec 2 t\u1eeb th\u00e1ng 10\uff5eth\u00e1ng 3<\/td><\/tr><tr><td class=\"table-tit1\">Ng\u00e0y gi\u1edd ho\u1ea1t \u0111\u1ed9ng<\/td><td>T\u00f9y m\u1ed7i l\u1edbp s\u1ebd kh\u00e1c nhau.<\/td><\/tr><tr><td class=\"table-tit1\">Ph\u00ed<\/td><td>Mi\u1ec5n ph\u00ed\uff0aph\u00ed s\u00e1ch gi\u00e1o khoa t\u1ef1 tr\u1ea3\uff0a<\/td><\/tr><tr><td class=\"table-tit1\">\u0110\u1ecba \u0111i\u1ec3m<\/td><td>Aobaku Chuo Shimin Center<br>Sendai-shi Aoba-ku Ichiban-cho 2-1-4<\/td><\/tr><tr><td class=\"table-tit1\">Li\u00ean h\u1ec7<\/td><td>Aobaku Chuo Shimin Center TEL\uff1a022-263-5010<br>Hi\u1ec7p h\u1ed9i qu\u1ed1c t\u1ebf du l\u1ecbch Sendai TEL\uff1a022-268-6260<\/td><\/tr><\/tbody><\/table><\/figure>\n\n\n\n<a href=\".\/tearoom\" target=\"_blank\" rel=\"noopener\"><h4 class=\"tit-course\" id=\"tea-room\">Ti\u1ebfng Nh\u1eadt Tea Room<br>\uff08\u65e5\u672c\u8a9e\u30c6\u30a3\u30fc\u30eb\u30fc\u30e0\uff09<\/h4><\/a><p class=\"tit-detail\"><a href=\".\/tearoom\" target=\"_blank\" rel=\"noopener\">&gt;&gt;Th\u00f4ng tin chi ti\u1ebft<\/a><\/p>\n\n\n\n<p class=\"class-tit1 under-element\">C\u00f3 d\u1ecbch v\u1ee5 gi\u1eef tr\u1ebb, n\u00ean nh\u1eefng ai c\u00f3 con nh\u1ecf c\u0169ng c\u00f3 th\u1ec3 an t\u00e2m tham gia.<\/p>\n\n\n\n<figure class=\"wp-block-table mb60-table under-element\"><table><tbody><tr><td class=\"table-tit1\">\u0110\u1ed1i t\u01b0\u1ee3ng<\/td><td>Nh\u1eadp m\u00f4n, S\u01a1 c\u1ea5p, c\u1ea5p S\u01a1 trung, c\u1ea5p Trung cao<\/td><\/tr><tr><td class=\"table-tit1\">Th\u1eddi \u0111i\u1ec3m<\/td><td>B\u1ea5t c\u1ee9 khi n\u00e0o<\/td><\/tr><tr><td class=\"table-tit1\">Ng\u00e0y gi\u1edd ho\u1ea1t \u0111\u1ed9ng<\/td><td>M\u1ed7i th\u1ee9 4, th\u1ee9 6 h\u00e0ng tu\u1ea7n t\u1eeb 10\uff1a00-11\uff1a30<\/td><\/tr><tr><td class=\"table-tit1\">Ph\u00ed<\/td><td>Ph\u00ed \u0111\u0103ng k\u00fd ( ph\u00ed s\u00e1ch gi\u00e1o khoa \u0111\u01b0\u1ee3c y\u00eau c\u1ea7u ri\u00eang)<br>H\u1ecdc k\u1ef3 1 ( th\u00e1ng 4 \u0111\u1ebfn th\u00e1ng 7 ) 2,000 y\u00ean<br>H\u1ecdc k\u1ef3 2 ( th\u00e1ng 9 \u0111\u1ebfn th\u00e1ng 12 ) 2,000 y\u00ean<br>H\u1ecdc k\u1ef3 3 ( th\u00e1ng 1 \u0111\u1ebfn th\u00e1ng 3 ) 1,000 y\u00ean<\/td><\/tr><tr><td class=\"table-tit1\">\u0110\u1ecba \u0111i\u1ec3m<\/td><td>Yagiyama Shimin Center<br>Sendai-shi Taihaku-ku Yagiyama Hon-chou 1-43<br>TEL\uff1a022-228-1190<br>Ngay c\u1ea1nh ga Yagiyama Dobutsukoen tr\u00ean tuy\u1ebfn t\u00e0u \u0111i\u1ec7n ng\u1ea7m Tozai<\/td><\/tr><tr><td class=\"table-tit1\">Li\u00ean h\u1ec7<\/td><td>TEL\uff1a022-228-1190 \uff08Yagiyama Shimin Center\uff09<br>E-mail\uff1ayagiyama-siminc@hm-sendai.jp<br>\u203bC\u00f3 d\u1ecbch v\u1ee5 gi\u1eef tr\u1ebb ( gi\u1edbi h\u1ea1n ng\u01b0\u1eddi, c\u1ea7n li\u00ean h\u1ec7 tr\u01b0\u1edbc)<\/td><\/tr><\/tbody><\/table><\/figure>\n\n\n\n<a href=\".\/icas\/\" target=\"_blank\" rel=\"noopener\"><h4 class=\"tit-course\" id=\"ICAS-nihongo\">Kh\u00f3a ti\u1ebfng Nh\u1eadt ICAS<br>\uff08ICAS\u65e5\u672c\u8a9e\u8b1b\u5ea7\uff09<\/h4><\/a><p class=\"tit-detail\"><a href=\".\/icas\/\" target=\"_blank\" rel=\"noopener\">&gt;&gt;Th\u00f4ng tin chi ti\u1ebft<\/a><\/p>\n\n\n\n<figure class=\"wp-block-table mb60-table under-element\"><table><tbody><tr><td class=\"table-tit1\">\u0110\u1ed1i t\u01b0\u1ee3ng<\/td><td>Kh\u00f3a s\u01a1 c\u1ea5p<br>Kh\u00f3a th\u1eed th\u00e1ch ti\u1ebfng Nh\u1eadt<\/td><\/tr><tr><td class=\"table-tit1\">Th\u1eddi \u0111i\u1ec3m<\/td><td>B\u1ea5t c\u1ee9 khi n\u00e0o<\/td><\/tr><tr><td class=\"table-tit1\">Ng\u00e0y gi\u1edd ho\u1ea1t \u0111\u1ed9ng<\/td><td>Th\u1ea3o lu\u1eadn sau \u0111\u00f3 s\u1ebd quy\u1ebft \u0111\u1ecbnh<\/td><\/tr><tr><td class=\"table-tit1\">Ph\u00ed<\/td><td>L\u1edbp h\u1ecdc c\u00e1 nh\u00e2n 8000 y\u00ean\uff081 th\u00e1ng 4 l\u1ea7n\uff09<br>L\u1edbp h\u1ecdc nh\u1ecf 6000 y\u00ean\uff081 th\u00e1ng 4 l\u1ea7n\uff09<\/td><\/tr><tr><td class=\"table-tit1\">\u0110\u1ecba \u0111i\u1ec3m<\/td><td>Tr\u1ef1c tuy\u1ebfn<\/td><\/tr><tr><td class=\"table-tit1\">Li\u00ean h\u1ec7<\/td><td>Hi\u1ec7p h\u1ed9i C\u00f4ng d\u00e2n H\u1ed7 tr\u1ee3 Th\u00e0nh ph\u1ed1 Qu\u1ed1c t\u1ebf Sendai (ICAS)<br>npo.icas@gmail.com<\/td><\/tr><\/tbody><\/table><\/figure>\n\n\n\n<a href=\".\/satto-jclab\" target=\"_blank\" rel=\"noopener\"><h4 class=\"tit-course\" id=\"satto-nihongo\">Kh\u00f3a ti\u1ebfng Nh\u1eadt d\u00e0nh cho tr\u1ebb em<br>\u300cC\u00e2u l\u1ea1c b\u1ed9 ti\u1ebfng Nh\u1eadt c\u1ea5p t\u1ed1c\u300d<br>\uff08\u3053\u3069\u3082\u306e\u305f\u3081\u306e\u65e5\u672c\u8a9e\u8b1b\u5ea7 \u300c\u3055\u3063\u3068\u65e5\u672c\u8a9e\u30af\u30e9\u30d6\u300d<\/h4><\/a><p class=\"tit-detail2\"><a href=\".\/satto-jclab\" target=\"_blank\" rel=\"noopener\">&gt;&gt;Th\u00f4ng tin chi ti\u1ebft<\/a><\/p>\n\n\n\n<p class=\"class-tit1 under-element\">\u0110\u00e2y l\u00e0 kh\u00f3a h\u1ecdc ti\u1ebfng Nh\u1eadt d\u00e0nh cho h\u1ecdc sinh ti\u1ec3u h\u1ecdc, trung h\u1ecdc \u0111\u1ebfn t\u1eeb n\u01b0\u1edbc ngo\u00e0i. Ch\u00fang t\u00f4i c\u0169ng s\u1ebd h\u1ed7 tr\u1ee3 vi\u1ec7c h\u1ecdc \u1edf tr\u01b0\u1eddng.<\/p>\n\n\n\n<figure class=\"wp-block-table mb60-table under-element\"><table><tbody><tr><td class=\"table-tit1\">\u0110\u1ed1i t\u01b0\u1ee3ng<\/td><td>H\u1ecdc sinh ti\u1ec3u h\u1ecdc, trung h\u1ecdc<\/td><\/tr><tr><td class=\"table-tit1\">Th\u1eddi \u0111i\u1ec3m<\/td><td>T\u1eeb th\u00e1ng 5 \u0111\u1ebfn th\u00e1ng 2\uff08ngo\u1ea1i tr\u1eeb ngh\u1ec9 xu\u00e2n, ngh\u1ec9 \u0111\u00f4ng\uff09<\/td><\/tr><tr><td class=\"table-tit1\">Ng\u00e0y gi\u1edd ho\u1ea1t \u0111\u1ed9ng<\/td><td>Th\u1ee9 7 m\u1ed7i tu\u1ea7n  10\uff1a00-12\uff1a00<\/td><\/tr><tr><td class=\"table-tit1\">Ph\u00ed<\/td><td>Ph\u00ed h\u00e0ng n\u0103m 1,000 y\u00ean<\/td><\/tr><tr><td class=\"table-tit1\">Li\u00ean h\u1ec7<\/td><td>Aobaku Chuoshimin Center<br>TEL\uff1a022-223-2516<\/td><\/tr><\/tbody><\/table><\/figure>\n\n\n\n<a href=\".\/fc-support\/\" target=\"_blank\" rel=\"noopener\"><h4 class=\"tit-course\" id=\"kodomo-support\">H\u1ed9i h\u1ed7 tr\u1ee3 tr\u1ebb em n\u01b0\u1edbc ngo\u00e0i<br>\uff08\u5916\u56fd\u4eba\u306e\u5b50\u3069\u3082\u30fb\u30b5\u30dd\u30fc\u30c8\u306e\u4f1a\uff09<\/h4><\/a><p class=\"tit-detail\"><a href=\".\/fc-support\" target=\"_blank\" rel=\"noopener\">&gt;&gt;Th\u00f4ng tin chi ti\u1ebft<\/a><\/p>\n\n\n\n<p class=\"class-tit1 under-element\">Ch\u00fang t\u00f4i gi\u00fap tr\u1ebb em n\u01b0\u1edbc ngo\u00e0i h\u1ecdc ti\u1ebfng Nh\u1eadt v\u00e0 c\u00e1c m\u00f4n h\u1ecdc \u1edf tr\u01b0\u1eddng.<\/p>\n\n\n\n<figure class=\"wp-block-table mb60-table under-element\"><table><tbody><tr><td class=\"table-tit1\">\u0110\u1ed1i t\u01b0\u1ee3ng<\/td><td>Ti\u1ec3u h\u1ecdc, Trung h\u1ecdc, C\u1ea5p 3<\/td><\/tr><tr><td class=\"table-tit1\">Th\u1eddi \u0111i\u1ec3m<\/td><td>Su\u1ed1t 1 n\u0103m<\/td><\/tr><tr><td class=\"table-tit1\">Ng\u00e0y gi\u1edd ho\u1ea1t \u0111\u1ed9ng<\/td><td>Sau gi\u1edd tan h\u1ecdc ng\u00e0y th\u01b0\u1eddng, trong ng\u00e0y th\u1ee9 7, ch\u1ee7 nh\u1eadt, 1 tu\u1ea7n 1 l\u1ea7n\uff082 ti\u1ebfng\uff09<\/td><\/tr><tr><td class=\"table-tit1\">Ph\u00ed<\/td><td>Ph\u00ed \u0111\u0103ng k\u00ed 1 n\u0103m 1000 y\u00ean, ph\u00ed h\u1ecdc th\u00ec mi\u1ec5n ph\u00ed<\/td><\/tr><tr><td class=\"table-tit1\">\u0110\u1ecba \u0111i\u1ec3m<\/td><td>Eru\u30fbsola Sendai ( g\u1ea7n ga Sendai t\u00f2a nh\u00e0 Aer t\u1ea7ng 28)<br>\u203bCh\u00fang t\u00f4i \u0111ang ti\u1ebfn h\u00e0nh h\u1ed7 tr\u1ee3 h\u1ecdc tr\u1ef1c tuy\u1ebfn.<\/td><\/tr><tr><td class=\"table-tit1\">Li\u00ean h\u1ec7<\/td><td>TEL\uff1a090-2793-8899\uff08Tadokoro\uff09<br>E-mail\uff1atadokoro12@yahoo.co.jp<\/td><\/tr><\/tbody><\/table><\/figure>\n\n\n\n<a href=\".\/mia\/\" target=\"_blank\" rel=\"noopener\"><h4 class=\"tit-course\" id=\"MIA-nihongo\">Kh\u00f3a ti\u1ebfng Nh\u1eadt MIA<br>\uff08MIA\u65e5\u672c\u8a9e\u8b1b\u5ea7\uff09<\/h4><\/a><p class=\"tit-detail\"><a href=\".\/mia\/\" target=\"_blank\" rel=\"noopener\">&gt;&gt;Th\u00f4ng tin chi ti\u1ebft<\/a><\/p>\n\n\n\n<p class=\"class-tit1 under-element\">T\u1ea1i kh\u00f3a h\u1ecdc ti\u1ebfng Nh\u1eadt MIA, t\u1eeb nh\u1eefng ai m\u1edbi b\u1eaft \u0111\u1ea7u h\u1ecdc ti\u1ebfng nh\u1eadt \u0111\u1ebfn nh\u1eefng ai k\u1ebft th\u00fac s\u01a1 c\u1ea5p b\u1eaft \u0111\u1ea7u \u0111\u1ebfn trung c\u1ea5p, b\u1ea1n c\u00f3 th\u1ec3 h\u1ecdc ti\u1ebfng Nh\u1eadt theo c\u1ea5p \u0111\u1ed9..<\/p>\n\n\n\n<figure class=\"wp-block-table mb60-table under-element\"><table><tbody><tr><td class=\"table-tit1\">\u0110\u1ed1i t\u01b0\u1ee3ng<\/td><td>S\u01a1 c\u1ea5p, Trung c\u1ea5p, H\u00e1n t\u1ef1<\/td><\/tr><tr><td class=\"table-tit1\">Th\u1eddi \u0111i\u1ec3m<\/td><td>T\u1eeb th\u00e1ng 4 \u0111\u1ebfn th\u00e1ng 7, th\u00e1ng 10 \u0111\u1ebfn th\u00e1ng 1<\/td><\/tr><tr><td class=\"table-tit1\">Ng\u00e0y gi\u1edd ho\u1ea1t \u0111\u1ed9ng<\/td><td>S\u01a1 c\u1ea5p th\u00ec 1 tu\u1ea7n 4 l\u1ea7n(t\u1eeb th\u1ee9 3 \u0111\u1ebfn th\u1ee9 6\u300010\uff1a00-12\uff1a00 ) <br>Trung c\u1ea5p th\u00ec 1 tu\u1ea7n 2 l\u1ea7n\uff08th\u1ee9 3 v\u00e0 th\u1ee9 5  13\uff1a00-15\uff1a00 \uff09<\/td><\/tr><tr><td class=\"table-tit1\">Ph\u00ed<\/td><td>S\u01a1 c\u1ea5p 1, 2\uff0822,000 y\u00ean\uff09<br>Trung c\u1ea5p 1 \uff0811,200 y\u00ean\uff09<br>Ph\u00ed s\u00e1ch gi\u00e1o khoa ri\u00eang<\/td><\/tr><tr><td class=\"table-tit1\">\u0110\u1ecba \u0111i\u1ec3m<\/td><td>Ph\u00f2ng \u0111\u00e0o t\u1ea1o Hi\u1ec7p h\u1ed9i Qu\u1ed1c t\u1ebf T\u1ec9nh Miyagi (MIA)\u3000\/ ph\u00f2ng \u0111\u00e0o t\u1ea1o,giao l\u01b0u<br>Sendai-shi Aoba-ku Tsutsumidori Amemiya-cho 4-17 Miyagiken Sendai Goudouchousha 7F<\/td><\/tr><tr><td class=\"table-tit1\">Li\u00ean h\u1ec7<\/td><td>Hi\u1ec7p h\u1ed9i qu\u1ed1c t\u1ebf h\u00f3a t\u1ec9nh Miyagi\uff08MIA\uff09<br>TEL\uff1a022-275-3796<\/td><\/tr><\/tbody><\/table><\/figure>\n\n\n\n<a href=\".\/sjls-course\/\" target=\"_blank\" rel=\"noopener\"><h4 class=\"tit-course\" id=\"sjls-nihongo\">Ph\u00f2ng h\u1ecdc ti\u1ebfng Nh\u1eadt d\u00e0nh cho h\u1ecdc sinh ti\u1ec3u h\u1ecdc v\u00e0 trung h\u1ecdc<br>\uff08\u5c0f\u30fb\u4e2d\u5b66\u751f\u306e\u305f\u3081\u306e\u65e5\u672c\u8a9e\u6559\u5ba4\uff09<\/h4><\/a><p class=\"tit-detail2\"><a href=\".\/sjls-course\/\" target=\"_blank\" rel=\"noopener\">&gt;&gt;Th\u00f4ng tin chi ti\u1ebft\u3089<\/a><\/p>\n\n\n\n<p class=\"class-tit1 under-element\">Nh\u1eefng gi\u00e1o vi\u00ean l\u00e3o luy\u1ec7n c\u1ee7a tr\u01b0\u1eddng Nh\u1eadt ng\u1eef qu\u1ed1c t\u1ebf Sendai s\u1ebd h\u1ed7 tr\u1ee3 vi\u1ec7c h\u1ecdc ti\u1ebfng Nh\u1eadt \u1edf tr\u01b0\u1eddng v\u00e0 b\u00e0i t\u1eadp v\u1ec1 nh\u00e0.<\/p>\n\n\n\n<figure class=\"wp-block-table mb60-table under-element\"><table><tbody><tr><td class=\"table-tit1\">\u0110\u1ed1i t\u01b0\u1ee3ng<\/td><td>Tr\u1ebb em trong \u0111\u1ed9 tu\u1ed5i ti\u1ec3u h\u1ecdc, trung h\u1ecdc<\/td><\/tr><tr><td class=\"table-tit1\">Th\u1eddi \u0111i\u1ec3m<\/td><td>1 n\u0103m t\u1ea7m 3 l\u1ea7n\uff08ngh\u1ec9 xu\u00e2n, ngh\u1ec9 thu, ngh\u1ec9 \u0111\u00f4ng\uff09<\/td><\/tr><tr><td class=\"table-tit1\">Ng\u00e0y gi\u1edd ho\u1ea1t \u0111\u1ed9ng<\/td><td>1 l\u1ea7n t\u1ea7m 2 \u0111\u1ebfn 3 ng\u00e0y\uff081 ng\u00e0y t\u1eeb 2 \u0111\u1ebfn 3 ti\u1ebfng\uff09<\/td><\/tr><tr><td class=\"table-tit1\">Ph\u00ed<\/td><td>1 ng\u00e0y 500 y\u00ean<\/td><\/tr><tr><td class=\"table-tit1\">\u0110\u1ecba \u0111i\u1ec3m<\/td><td>Tr\u01b0\u1eddng Nh\u1eadt ng\u1eef qu\u1ed1c t\u1ebf Sendai\uff08Sendai-shi Aoba-ku Kakyouin 1-3-1\uff09<\/td><\/tr><tr><td class=\"table-tit1\">Li\u00ean h\u1ec7<\/td><td>Ph\u00f2ng h\u1ecdc ti\u1ebfng Nh\u1eadt d\u00e0nh cho h\u1ecdc sinh ti\u1ec3u h\u1ecdc, trung h\u1ecdc\uff08tr\u01b0\u1eddng Nh\u1eadt ng\u1eef qu\u1ed1c t\u1ebf Sendai\uff09<br>Email: sjls@jc-21.ac.jp<br>TEL\uff1a(022) 224-6509<\/td><\/tr><\/tbody><\/table><\/figure>\n\n\n\n\n<a href=\".\/sentva\/\" target=\"_blank\" rel=\"noopener\"><h4 class=\"tit-course\" id=\"sentva\">Hi\u1ec7p h\u1ed9i ng\u01b0\u1eddi Vi\u1ec7t \u1edf Sendai<br>Ph\u00f2ng ti\u1ebfng Nh\u1eadt SenTVA<br>\uff08\u5728\u4ed9\u53f0\u30d9\u30c8\u30ca\u30e0\u4eba\u5354\u4f1a SeTVA\u65e5\u672c\u8a9e\u6559\u5ba4\uff09<\/h4><\/a><p class=\"tit-detail2\"><a href=\".\/sentva\/\" target=\"_blank\" rel=\"noopener\">&gt;&gt;Th\u00f4ng tin chi ti\u1ebft<\/a><\/p>\n\n\n\n<figure class=\"wp-block-table mb60-table under-element\"><table><tbody><tr><td class=\"table-tit1\">\u0110\u1ed1i t\u01b0\u1ee3ng<\/td><td>B\u1ea5t c\u1ee9 ai<\/td><\/tr><tr><td class=\"table-tit1\">Th\u1eddi \u0111i\u1ec3m<\/td><td>B\u1ea5t c\u1ee9 khi n\u00e0o<\/td><\/tr><tr><td class=\"table-tit1\">Ng\u00e0y gi\u1edd ho\u1ea1t \u0111\u1ed9ng<\/td><td>M\u1ed7i tu\u1ea7n v\u00e0o ch\u1ee7 nh\u1eadt t\u1eeb10\uff1a00\uff5e12\uff1a00<\/td><\/tr><tr><td class=\"table-tit1\">Ph\u00ed<\/td><td>20 l\u1ea7n 2000 y\u00ean \uff08ch\u1ebf \u0111\u1ed9 v\u00e9\uff09<\/td><\/tr><tr><td class=\"table-tit1\">\u0110\u1ecba \u0111i\u1ec3m<\/td><td>Miyagi NPO plaza Sendai-shi Miyagino-ku Tsutsujigaoka 5banchi<\/td><\/tr><tr><td class=\"table-tit1\">Li\u00ean h\u1ec7<\/td><td>Ng\u01b0\u1eddi \u0111\u1ea1i di\u1ec7n \uff1aDo Van Tuan<br>Emai\uff1aTuandovan2011@gmail.com<br>\u0110i\u1ec7n tho\u1ea1i di \u0111\u1ed9ng\uff1a080\uff0d9600\uff0d8686<\/td><\/tr><\/tbody><\/table><\/figure>\n\n\n\n<h3 class=\"wp-block-heading\">L\u1edbp h\u1ecdc c\u00e1 nh\u00e2n, nh\u00f3m nh\u1ecf.<\/h3>\n\n\n\n<a href=\".\/nihongonomori\" target=\"_blank\" rel=\"noopener\"><h4 class=\"tit-course\" id=\"nihongo-mori\">Ti\u1ebfng Nh\u1eadt Mori<br>\uff08\u306b\u307b\u3093\u3054\u306e\u3082\u308a\uff09<\/h4><\/a><p class=\"tit-detail\"><a href=\".\/nihongonomori\" target=\"_blank\" rel=\"noopener\">&gt;&gt;Th\u00f4ng tin chi ti\u1ebft<\/a><\/p>\n\n\n\n<p class=\"class-tit1 under-element\">Ch\u00fang t\u00f4i s\u1ebd tr\u1ea3 l\u1eddi c\u00e2u h\u1ecfi ti\u1ebfng Nh\u1eadt, luy\u1ec7n t\u1eadp h\u1ed9i tho\u1ea1i.<\/p>\n\n\n\n<figure class=\"wp-block-table mb60-table under-element\"><table><tbody><tr><td class=\"table-tit1\">\u0110\u1ed1i t\u01b0\u1ee3ng<\/td><td>B\u1ea5t c\u1ee9 ai<\/td><\/tr><tr><td class=\"table-tit1\">Th\u1eddi \u0111i\u1ec3m<\/td><td>B\u1ea5t c\u1ee9 khi n\u00e0o<\/td><\/tr><tr><td class=\"table-tit1\">Ng\u00e0y gi\u1edd ho\u1ea1t \u0111\u1ed9ng<\/td><td>M\u1ed7i tu\u1ea7n v\u00e0o th\u1ee9 3 v\u00e0 th\u1ee9 6 t\u1eeb 13\uff1a30-15\uff1a00\uff08 ngo\u1ea1i tr\u1eeb ng\u00e0y ngh\u1ec9 c\u1ee7a trung t\u00e2m v\u00e0 l\u1ec5 ngh\u1ec9\uff09<\/td><\/tr><tr><td class=\"table-tit1\">Ph\u00ed<\/td><td>Mi\u1ec5n ph\u00ed<\/td><\/tr><tr><td class=\"table-tit1\">\u0110\u1ecba \u0111i\u1ec3m<\/td><td>Tr\u01b0\u1eddng \u0111\u1ea1i h\u1ecdc Tohoku\u3000Kawauchi\u3000Campus\u3000Ph\u00f2ng h\u1ecdc C104 &#8211; t\u1ea7ng 1 gi\u1ea3ng \u0111\u01b0\u1eddng t\u00f2a nh\u00e0 C<\/td><\/tr><tr><td class=\"table-tit1\">Li\u00ean h\u1ec7<\/td><td>Nihongonomori <br>\uff08Sasaki\uff09E-mail\uff1aluzdeaki@gmail.com<\/td><\/tr><\/tbody><\/table><\/figure>\n\n\n\n<a href=\".\/izumi-salon\" target=\"_blank\" rel=\"noopener\"><h4 class=\"tit-course\" id=\"izumi-salon\">Salon ti\u1ebfng Nh\u1eadt Izumi<br>\uff08\u6cc9\u65e5\u672c\u8a9e\u30b5\u30ed\u30f3\uff09<\/h4><\/a><p class=\"tit-detail\"><a href=\".\/izumi-salon\" target=\"_blank\" rel=\"noopener\">&gt;&gt;Th\u00f4ng tin chi ti\u1ebft<\/a><\/p>\n\n\n\n<p class=\"class-tit1 under-element\">S\u1ebd ti\u1ebfn h\u00e0nh theo nguy\u00ean t\u1eafc h\u1ecdc 1\uff1a1. B\u1ea5t k\u1ec3 qu\u1ed1c t\u1ecbch, tu\u1ed5i t\u00e1c , gi\u1edbi t\u00ednh ,b\u1ea5t c\u1ee9 khi n\u00e0o c\u0169ng n\u1ed3ng nhi\u1ec7t \u0111\u00f3n ti\u1ebfp.<\/p>\n\n\n\n<figure class=\"wp-block-table mb60-table under-element\"><table><tbody><tr><td class=\"table-tit1\">\u0110\u1ed1i t\u01b0\u1ee3ng<\/td><td>B\u1ea5t c\u1ee9 ai<\/td><\/tr><tr><td class=\"table-tit1\">Th\u1eddi \u0111i\u1ec3m<\/td><td>B\u1ea5t c\u1ee9 khi n\u00e0o<\/td><\/tr><tr><td class=\"table-tit1\">Ng\u00e0y gi\u1edd ho\u1ea1t \u0111\u1ed9ng<\/td><td>M\u1ed7i tu\u1ea7n v\u00e0o th\u1ee9 6 t\u1eeb 10\uff1a00-11\uff1a45<br>\uff08ngo\u1ea1i tr\u1eeb l\u1ec5 ngh\u1ec9, l\u1ec5 t\u1ebft, tu\u1ea7n l\u1ec5 v\u00e0ng, ngh\u1ec9 obon\uff09<\/td><\/tr><tr><td class=\"table-tit1\">Ph\u00ed<\/td><td>Mi\u1ec5n ph\u00ed (ph\u00ed s\u00e1ch gi\u00e1o khoa, t\u00e0i li\u1ec7u c\u1ea7n thi\u1ebft cho bu\u1ed5i h\u1ecdc th\u00ec ng\u01b0\u1eddi h\u1ecdc s\u1ebd t\u1ef1 tr\u1ea3)<\/td><\/tr><tr><td class=\"table-tit1\">\u0110\u1ecba \u0111i\u1ec3m<\/td><td>Katsura Shimin center ph\u00f2ng h\u1ecdp<br>Sendai-shi izumi-ku Katsura 3-19-1<br>\uff34\uff25\uff2c\uff1a022-375-0550<\/td><\/tr><tr><td class=\"table-tit1\">Li\u00ean h\u1ec7<\/td><td>\uff08Atsumi\uff09TEL\uff1a090-4312-5431<br>E-mail\uff1aatsumi19511228@yahoo.co.jp<\/td><\/tr><\/tbody><\/table><\/figure>\n\n\n\n<a href=\".\/honnomori-cafe\" target=\"_blank\" rel=\"noopener\"><h4 class=\"tit-course\" id=\"honnomori-cafe\">H\u1ed9i nghi\u00ean c\u1ee9u Cafe \u0111\u1ecdc s\u00e1ch<br>\uff08\u591a\u8aad\u30ab\u30d5\u30a7\u7814\u7a76\u4f1a\uff09<\/h4><\/a><p class=\"tit-detail\"><a href=\".\/honnomori-cafe\" target=\"_blank\" rel=\"noopener\">&gt;&gt;Th\u00f4ng tin chi ti\u1ebft<\/a><\/p>\n\n\n\n<p class=\"class-tit1 under-element\">C\u00f9ng th\u01b0\u1edfng th\u1ee9c s\u00e1ch ti\u1ebfng Nh\u1eadt nh\u00e9!<\/p>\n\n\n\n<figure class=\"wp-block-table mb60-table under-element\"><table><tbody><tr><td class=\"table-tit1\">\u0110\u1ed1i t\u01b0\u1ee3ng<\/td><td>Nh\u1eefng ai c\u00f3 th\u1ec3 \u0111\u1ecdc ch\u1eef Hiragana<\/td><\/tr><tr><td class=\"table-tit1\">Th\u1eddi \u0111i\u1ec3m<\/td><td><\/td><\/tr><tr><td class=\"table-tit1\">Ng\u00e0y gi\u1edd ho\u1ea1t \u0111\u1ed9ng<\/td><td>M\u1ed7i th\u00e1ng v\u00e0o th\u1ee9 7 c\u1ee7a tu\u1ea7n th\u1ee9 3  t\u1eeb 13\uff1a15 \u0111\u1ebfn 14\uff1a45<\/td><\/tr><tr><td class=\"table-tit1\">Ph\u00ed<\/td><td>Mi\u1ec5n ph\u00ed<\/td><\/tr><tr><td class=\"table-tit1\">\u0110\u1ecba \u0111i\u1ec3m<\/td><td>Aoba-ku Chuoshimin Center<\/td><\/tr><tr><td class=\"table-tit1\">Li\u00ean h\u1ec7<\/td><td>tadoku.kafe@gmail.com<\/td><\/tr><\/tbody><\/table><\/figure>\n\n\n\n<h3 class=\"wp-block-heading\">Nh\u00f3m do h\u1ecdc sinh ch\u1ee7 \u0111\u1ea1o<\/h3>\n\n\n\n<a href=\".\/hands\/\" target=\"_blank\" rel=\"noopener\"><h4 class=\"tit-course\" id=\"HANDS\">Tr\u01b0\u1eddng \u0111\u1ea1i h\u1ecdc Tohoku Gakuin<br>C\u00e2u l\u1ea1c b\u1ed9 t\u00ecnh nguy\u1ec7n vi\u00ean ti\u1ebfng Nh\u1eadt HANDS<br>\uff08\u6771\u5317\u5b66\u9662\u5927\u5b66 \u65e5\u672c\u8a9e\u30dc\u30e9\u30f3\u30c6\u30a3\u30a2\u30b5\u30fc\u30af\u30eb HANDS\uff09<\/h4><\/a><p class=\"tit-detail2\"><a href=\".\/hands\/\" target=\"_blank\" rel=\"noopener\">&gt;&gt;Th\u00f4ng tin chi ti\u1ebft<\/a><\/p>\n\n\n\n<p class=\"class-tit1 under-element\">H\u00e3y li\u00ean l\u1ea1c v\u1edbi ch\u00fang t\u00f4i qua mail tr\u01b0\u1edbc. Ch\u00fang t\u00f4i s\u1ebd chia l\u1edbp theo tr\u00ecnh \u0111\u1ed9, v\u00e0 s\u1ebd d\u1ea1y v\u1edbi nh\u00f3m nh\u1ecf.<\/p>\n\n\n\n<figure class=\"wp-block-table mb60-table under-element\"><table><tbody><tr><td class=\"table-tit1\">\u0110\u1ed1i t\u01b0\u1ee3ng<\/td><td>S\u01a1 c\u1ea5p, trung c\u1ea5p, cao c\u1ea5p<\/td><\/tr><tr><td class=\"table-tit1\">Th\u1eddi \u0111i\u1ec3m<\/td><td>B\u1ea5t c\u1ee9 khi n\u00e0o<\/td><\/tr><tr><td class=\"table-tit1\">Ng\u00e0y gi\u1edd ho\u1ea1t \u0111\u1ed9ng<\/td><td>M\u1ed7i tu\u1ea7n 2 l\u1ea7n \uff08th\u1ee9 3, th\u1ee9 6\uff09<br>Th\u1ee9 3 9\uff1a00-21\uff1a00<br>Th\u1ee9 6 19\uff1a00-21\uff1a00<\/td><\/tr><tr><td class=\"table-tit1\">Ph\u00ed<\/td><td>Mi\u1ec5n ph\u00ed<\/td><\/tr><tr><td class=\"table-tit1\">\u0110\u1ecba \u0111i\u1ec3m<\/td><td>Tr\u1ef1c di\u1ec7n\uff1aTouhoku Gakuin Daigaku Itsutsubashi Campus 6kai online<\/td><\/tr><tr><td class=\"table-tit1\">Li\u00ean h\u1ec7<\/td><td>E-mail\uff1a2001hands@gmail.com<\/td><\/tr><\/tbody><\/table><\/figure>\n","protected":false},"excerpt":{"rendered":"<p>T\u1ea1i Sendai, c\u00f3 r\u1ea5t nhi\u1ec1u n\u01a1i h\u1ecdc ti\u1ebfng Nh\u1eadt. Th\u1eddi \u0111i\u1ec3m khai gi\u1ea3ng, n\u1ed9i dung, ph\u00ed tham gia m\u1ed7i n\u01a1i \u0111\u1ec1u kh\u00e1c. B\u1ea1 [&hellip;]<\/p>\n","protected":false},"author":1,"featured_media":0,"parent":0,"menu_order":0,"comment_status":"closed","ping_status":"closed","template":"","meta":{"footnotes":""},"class_list":["post-67","page","type-page","status-publish","hentry"],"_links":{"self":[{"href":"https:\/\/www.int.sentia-sendai.jp\/nihongo-vn\/wp-json\/wp\/v2\/pages\/67"}],"collection":[{"href":"https:\/\/www.int.sentia-sendai.jp\/nihongo-vn\/wp-json\/wp\/v2\/pages"}],"about":[{"href":"https:\/\/www.int.sentia-sendai.jp\/nihongo-vn\/wp-json\/wp\/v2\/types\/page"}],"author":[{"embeddable":true,"href":"https:\/\/www.int.sentia-sendai.jp\/nihongo-vn\/wp-json\/wp\/v2\/users\/1"}],"replies":[{"embeddable":true,"href":"https:\/\/www.int.sentia-sendai.jp\/nihongo-vn\/wp-json\/wp\/v2\/comments?post=67"}],"version-history":[{"count":31,"href":"https:\/\/www.int.sentia-sendai.jp\/nihongo-vn\/wp-json\/wp\/v2\/pages\/67\/revisions"}],"predecessor-version":[{"id":420,"href":"https:\/\/www.int.sentia-sendai.jp\/nihongo-vn\/wp-json\/wp\/v2\/pages\/67\/revisions\/420"}],"wp:attachment":[{"href":"https:\/\/www.int.sentia-sendai.jp\/nihongo-vn\/wp-json\/wp\/v2\/media?parent=67"}],"curies":[{"name":"wp","href":"https:\/\/api.w.org\/{rel}","templated":true}]}}