{"id":224,"date":"2024-09-25T11:30:22","date_gmt":"2024-09-25T02:30:22","guid":{"rendered":"https:\/\/www.int.sentia-sendai.jp\/nihongo-vn\/?page_id=224"},"modified":"2025-06-09T12:50:26","modified_gmt":"2025-06-09T03:50:26","slug":"hoc-truc-tuyen","status":"publish","type":"page","link":"https:\/\/www.int.sentia-sendai.jp\/nihongo-vn\/online\/","title":{"rendered":"H\u1ecdc tr\u1ef1c tuy\u1ebfn"},"content":{"rendered":"\n<pre class=\"wp-block-preformatted headline\">C\u00f3 th\u1ec3 h\u1ecdc ti\u1ebfng Nh\u1eadt t\u1eeb nh\u00e0. H\u1ecdc qua internet. Mi\u1ec5n ph\u00ed\uff08\u203b M\u1ea5t ph\u00ed s\u1eed d\u1ee5ng internet\uff09<\/pre>\n\n\n\n<h3 class=\"wp-block-heading\"><a href=\"https:\/\/web.d-library.jp\/sendai\/g0102\/libcontents\/search\/?gid=1042&amp;pkn=%E3%81%AB%E3%81%BB%E3%82%93%E3%81%94%E3%80%80%E3%81%8C%E3%81%8F%E3%81%97%E3%82%85%E3%81%86&amp;pgs=1\"><strong>H\u1ecdc ti\u1ebfng Nh\u1eadt t\u1ea1i \u300cth\u01b0<\/strong> <strong>vi\u1ec7n \u0111i\u1ec7n t\u1eed Sendai\u300d<\/strong><\/a><\/h3>\n\n\n\n<div class=\"wp-block-group is-layout-constrained wp-block-group-is-layout-constrained\">\n<div class=\"wp-block-columns is-layout-flex wp-container-core-columns-is-layout-1 wp-block-columns-is-layout-flex\">\n<div class=\"wp-block-column is-layout-flow wp-block-column-is-layout-flow\" style=\"flex-basis:100%\">\n<p>C\u00e1c b\u1ea1n c\u00f3 th\u1ec3 \u0111\u1ecdc s\u00e1ch ph\u1ee5c v\u1ee5 cho vi\u1ec7c h\u1ecdc ti\u1ebfng Nh\u1eadt.<br>\u0110\u1ec3 c\u00f3 th\u1ec3 \u0111\u1ecdc \u0111\u01b0\u1ee3c, c\u00e1c b\u1ea1n h\u00e3y \u0111\u1ebfn th\u01b0 vi\u1ec7n v\u00e0 l\u00e0m \u300cth\u1ebb ng\u01b0\u1eddi s\u1eed d\u1ee5ng\u300d.<br>\u0110\u1ec3 l\u00e0m \u300cth\u1ebb ng\u01b0\u1eddi s\u1eed d\u1ee5ng\u300d th\u00ec c\u1ea7n th\u1ebb ngo\u1ea1i ki\u1ec1u.<br><br>Nh\u1eefng ai \u0111\u00e3 c\u00f3 \u300cth\u1ebb ng\u01b0\u1eddi s\u1eed d\u1ee5ng\u300d th\u00ec, c\u00f3 th\u1ec3 s\u1eed d\u1ee5ng th\u01b0 vi\u1ec7n \u0111i\u1ec7n t\u1eed.<br>\u0110\u1ec3 bi\u1ebft th\u00eam chi ti\u1ebft, xin h\u00e3y vui l\u00f2ng xem qua <a href=\"https:\/\/web.d-library.jp\/sendai\/g0108\/guide\/\" target=\"_blank\" rel=\"noreferrer noopener\">\u3010 C\u00e1ch s\u1eed d\u1ee5ng th\u01b0 vi\u1ec7n \u0111i\u1ec7n t\u1eed Sendai (th\u01b0 vi\u1ec7n Th\u00e0nh ph\u1ed1 Sendai) \u3011<\/a><\/p>\n<\/div>\n<\/div>\n<\/div>\n\n\n\n<h3 class=\"wp-block-heading\"><strong>Cu\u1ed9c s\u1ed1ng \u0111\u01b0\u1ee3c k\u1ebft n\u1ed1i v\u00e0 m\u1edf r\u1ed9ng h\u01a1n v\u1edbi ti\u1ebfng Nh\u1eadt<\/strong><\/h3>\n\n\n\n<p><a href=\"https:\/\/tsunagarujp.mext.go.jp\/?lang_id=VI\" target=\"_blank\" rel=\"noreferrer noopener\">https:\/\/tsunagarujp.mext.go.jp\/?lang_id=VI<\/a><br>C\u00f3 th\u1ec3 h\u1ecdc ti\u1ebfng Nh\u1eadt d\u00f9ng trong cu\u1ed9c s\u1ed1ng. H\u1ecdc b\u1eb1ng c\u00e1ch xem video.<br>C\u00f3 th\u1ec3 s\u1eed d\u1ee5ng b\u1eb1ng nhi\u1ec1u ng\u00f4n ng\u1eef.<\/p>\n\n\n\n<h3 class=\"wp-block-heading\"><strong>Learn Japanese<\/strong><\/h3>\n\n\n\n<p><a href=\"https:\/\/www3.nhk.or.jp\/nhkworld\/vi\/learnjapanese\/\" target=\"_blank\" rel=\"noreferrer noopener\">https:\/\/www3.nhk.or.jp\/nhkworld\/vi\/learnjapanese\/<\/a><br>H\u1ecdc ti\u1ebfng Nh\u1eadt d\u00f9ng trong cu\u1ed9c s\u1ed1ng h\u00e0ng ng\u00e0y. C\u00f3 anime, \u00e2m thanh v.v. C\u00f3 th\u1ec3 h\u1ecdc h\u1ed9i tho\u1ea1i, ch\u1eef vi\u1ebft, v\u0103n h\u00f3a. C\u00f3 c\u1ea3 c\u00e1c c\u00e2u \u0111\u1ed1. C\u00f3 th\u1ec3 s\u1eed d\u1ee5ng b\u1eb1ng nhi\u1ec1u ng\u00f4n ng\u1eef.<\/p>\n\n\n\n<h3 class=\"wp-block-heading\"><strong>H\u1ecdc ti\u1ebfng Nh\u1eadt tr\u1ef1c tuy\u1ebfn JF Minato<\/strong><\/h3>\n\n\n\n<p><a href=\"https:\/\/minato-jf.jp\/\" target=\"_blank\" rel=\"noreferrer noopener\">https:\/\/minato-jf.jp\/<\/a><br>C\u00f3 th\u1ec3 h\u1ecdc ti\u1ebfng Nh\u1eadt c\u00f9ng b\u1ea1n b\u00e8 tr\u00ean kh\u1eafp th\u1ebf gi\u1edbi. C\u00f3 r\u1ea5t nhi\u1ec1u kh\u00f3a h\u1ecdc. C\u00f3 th\u1ec3 s\u1eed d\u1ee5ng b\u1eb1ng nhi\u1ec1u ng\u00f4n ng\u1eef.<\/p>\n\n\n\n<h3 class=\"wp-block-heading\"><strong>NIHONGO e\u306a<\/strong><\/h3>\n\n\n\n<p><a href=\"https:\/\/nihongo-e-na.com\/jpn\/\" target=\"_blank\" rel=\"noreferrer noopener\">https:\/\/nihongo-e-na.com\/jpn\/<\/a><br>C\u00f3 c\u00e1c trang web, c\u00f4ng c\u1ee5, \u00fd t\u01b0\u1edfng h\u1eefu \u00edch khi h\u1ecdc ti\u1ebfng Nh\u1eadt. C\u00f3 th\u1ec3 s\u1eed d\u1ee5ng b\u1eb1ng ti\u1ebfng Nh\u1eadt, ti\u1ebfng Anh.<\/p>\n\n\n\n<h3 class=\"wp-block-heading\"><strong>Nihongo Bank<\/strong><\/h3>\n\n\n\n<p>C\u00f3 th\u1ec3 h\u1ecdc ti\u1ebfng Nh\u1eadt d\u00f9ng trong cu\u1ed9c s\u1ed1ng. H\u1ecdc b\u1eb1ng c\u00e1ch xem video.<br>\uff1eVideo (YouTube)<br><a href=\"https:\/\/www.youtube.com\/playlist?list=PLYbUs7A2HLF01v4Xp_SdW6apddV0InW-y\" target=\"_blank\" rel=\"noreferrer noopener\">https:\/\/www.youtube.com\/playlist?list=PLYbUs7A2HLF01v4Xp_SdW6apddV0InW-y<\/a><\/p>\n\n\n\n<h3 class=\"wp-block-heading\"><strong>\u300eErin h\u1ecdc ti\u1ebfng Nh\u1eadt\u300fContent Library<\/strong><\/h3>\n\n\n\n<p><a href=\"https:\/\/www.erin.jpf.go.jp\/\" target=\"_blank\" rel=\"noreferrer noopener\">https:\/\/www.erin.jpf.go.jp\/<\/a><br>Ngay c\u1ea3 ng\u01b0\u1eddi m\u1edbi b\u1eaft \u0111\u1ea7u c\u0169ng c\u00f3 th\u1ec3 vui h\u1ecdc ti\u1ebfng Nh\u1eadt. C\u00f3 gi\u00e1o tr\u00ecnh c\u00f3 th\u1ec3 download, video v.v<\/p>\n\n\n\n<h3 class=\"wp-block-heading\"><strong>Irodori Ti\u1ebfng nh\u1eadt d\u00f9ng trong cu\u1ed9c s\u1ed1ng<\/strong><\/h3>\n\n\n\n<p><a href=\"https:\/\/www.irodori.jpf.go.jp\/index.html\" target=\"_blank\" rel=\"noreferrer noopener\">https:\/\/www.irodori.jpf.go.jp\/index.html<\/a><br>C\u00f3 gi\u00e1o tr\u00ecnh v\u00e0 file \u00e2m thanh (MP3). C\u00f3 th\u1ec3 h\u1ecdc h\u1ed9i tho\u1ea1i ti\u1ebfng Nh\u1eadt c\u01a1 b\u1ea3n \u0111\u1ec3 s\u1eed d\u1ee5ng trong c\u00f4ng vi\u1ec7c, cu\u1ed9c s\u1ed1ng.<\/p>\n\n\n\n<h3 class=\"wp-block-heading\"><strong>Kh\u00f3a h\u1ecdc tr\u1ef1c tuy\u1ebfn ti\u1ebfng Nh\u1eadt Irodori<\/strong><\/h3>\n\n\n\n<p><a href=\"https:\/\/www.irodori-online.jpf.go.jp\/\" target=\"_blank\" rel=\"noreferrer noopener\">https:\/\/www.irodori-online.jpf.go.jp\/<\/a><br>Kh\u00f3a h\u1ecdc tr\u1ef1c tuy\u1ebfn s\u1eed d\u1ee5ng gi\u00e1o tr\u00ecnh\u300cIrodori Ti\u1ebfng nh\u1eadt d\u00f9ng trong cu\u1ed9c s\u1ed1ng\u300d<\/p>\n\n\n\n<h3 class=\"wp-block-heading\"><strong>Th\u1eed th\u00e1ch qua c\u00e1c \u0111\u1ec1 thi m\u1eabu-K\u1ef3 thi n\u0103ng l\u1ef1c ti\u1ebfng Nh\u1eadt\u30fbJLPT<\/strong><\/h3>\n\n\n\n<p><a href=\"https:\/\/www.jlpt.jp\/samples\/forlearners.html\" target=\"_blank\" rel=\"noreferrer noopener\">https:\/\/www.jlpt.jp\/samples\/forlearners.html<\/a><br>C\u00f3 th\u1ec3 luy\u1ec7n t\u1eadp c\u00e1c \u0111\u1ec1 thi c\u1ee7a k\u1ef3 thi n\u0103ng l\u1ef1c ti\u1ebfng Nh\u1eadt (JLPT). C\u00f3 c\u00e1c \u0111\u1ec1 thi t\u1eeb c\u1ea5p \u0111\u1ed9 N1 \u0111\u1ebfn N5.<\/p>\n\n\n\n<h3 class=\"wp-block-heading\"><strong>Ti\u1ebfng Nh\u1eadt \u0111\u1ec3 n\u00f3i v\u1ec1 b\u1ea3n th\u00e2n<\/strong><\/h3>\n\n\n\n<p>C\u00f3 video k\u00e8m \u00e2m thanh v\u00e0 gi\u00e1o tr\u00ecnh. Ng\u01b0\u1eddi ch\u01b0a gi\u1ecfi v\u1ec1 ch\u1eef vi\u1ebft c\u0169ng c\u00f3 th\u1ec3 vui h\u1ecdc. C\u00f3 th\u1ec3 n\u00e2ng cao n\u0103ng l\u1ef1c n\u00f3i v\u1ec1 b\u1ea3n th\u00e2n.<br>\uff1eGi\u00e1o tr\u00ecnh (PDF)<br><a href=\"https:\/\/ccia-chiba.or.jp\/wards\/learning_materials\/teaching_materials\" target=\"_blank\" rel=\"noreferrer noopener\">https:\/\/ccia-chiba.or.jp\/wards\/learning_materials\/teaching_materials<\/a><br>\uff1eVideo (YouTube)<br><a href=\"https:\/\/www.youtube.com\/playlist?list=PLdvMCZD_p_eYwa9sHBFxcoXix2cAv_ehl\" target=\"_blank\" rel=\"noreferrer noopener\">https:\/\/www.youtube.com\/playlist?list=PLdvMCZD_p_eYwa9sHBFxcoXix2cAv_ehl<\/a><\/p>\n","protected":false},"excerpt":{"rendered":"<p>C\u00f3 th\u1ec3 h\u1ecdc ti\u1ebfng Nh\u1eadt t\u1eeb nh\u00e0. H\u1ecdc qua internet. Mi\u1ec5n ph\u00ed\uff08\u203b M\u1ea5t ph\u00ed s\u1eed d\u1ee5ng internet\uff09 H\u1ecdc ti\u1ebfng Nh\u1eadt t\u1ea1i \u300cth\u01b0 v [&hellip;]<\/p>\n","protected":false},"author":1,"featured_media":0,"parent":0,"menu_order":0,"comment_status":"closed","ping_status":"closed","template":"","meta":{"footnotes":""},"class_list":["post-224","page","type-page","status-publish","hentry"],"_links":{"self":[{"href":"https:\/\/www.int.sentia-sendai.jp\/nihongo-vn\/wp-json\/wp\/v2\/pages\/224"}],"collection":[{"href":"https:\/\/www.int.sentia-sendai.jp\/nihongo-vn\/wp-json\/wp\/v2\/pages"}],"about":[{"href":"https:\/\/www.int.sentia-sendai.jp\/nihongo-vn\/wp-json\/wp\/v2\/types\/page"}],"author":[{"embeddable":true,"href":"https:\/\/www.int.sentia-sendai.jp\/nihongo-vn\/wp-json\/wp\/v2\/users\/1"}],"replies":[{"embeddable":true,"href":"https:\/\/www.int.sentia-sendai.jp\/nihongo-vn\/wp-json\/wp\/v2\/comments?post=224"}],"version-history":[{"count":12,"href":"https:\/\/www.int.sentia-sendai.jp\/nihongo-vn\/wp-json\/wp\/v2\/pages\/224\/revisions"}],"predecessor-version":[{"id":374,"href":"https:\/\/www.int.sentia-sendai.jp\/nihongo-vn\/wp-json\/wp\/v2\/pages\/224\/revisions\/374"}],"wp:attachment":[{"href":"https:\/\/www.int.sentia-sendai.jp\/nihongo-vn\/wp-json\/wp\/v2\/media?parent=224"}],"curies":[{"name":"wp","href":"https:\/\/api.w.org\/{rel}","templated":true}]}}