{"id":219,"date":"2024-09-25T11:30:27","date_gmt":"2024-09-25T02:30:27","guid":{"rendered":"https:\/\/www.int.sentia-sendai.jp\/nihongo-vn\/?page_id=219"},"modified":"2025-03-06T10:45:11","modified_gmt":"2025-03-06T01:45:11","slug":"nguoi-tinh-nguyen-tieng-nhat-sentia","status":"publish","type":"page","link":"https:\/\/www.int.sentia-sendai.jp\/nihongo-vn\/volunteer\/","title":{"rendered":"Ng\u01b0\u1eddi t\u00ecnh nguy\u1ec7n ti\u1ebfng Nh\u1eadt SenTIA"},"content":{"rendered":"\n<pre class=\"wp-block-preformatted headline\">Nh\u1eb1m m\u1ee5c \u0111\u00edch gi\u00fap \u0111\u1ee1 vi\u1ec7c h\u1ecdc ti\u1ebfng Nh\u1eadt cho nh\u1eefng ai b\u1eadn v\u00ec c\u00f4ng vi\u1ec7c ho\u1eb7c nu\u00f4i con m\u00e0 kh\u00f4ng th\u1ec3 tham gia kh\u00f3a h\u1ecdc ti\u1ebfng Nh\u1eadt Sendai, ch\u00fang t\u00f4i xin gi\u1edbi thi\u1ec7u nh\u1eefng t\u00ecnh nguy\u1ec7n vi\u00ean gi\u00fap \u0111\u1ee1 ti\u1ebfng Nh\u1eadt.<\/pre>\n\n<figure class=\"wp-block-table mb60-table\">\n<table>\n<tbody>\n<tr>\n<td class=\"table-tit1\">\u0110\u1ed1i t\u01b0\u1ee3ng<\/td>\n<td>Tr\u00ecnh \u0111\u1ed9 ti\u1ebfng Nh\u1eadt Nh\u1eadp m\u00f4n ho\u1eb7c S\u01a1 c\u1ea5p, g\u1eb7p kh\u00f3 kh\u0103n trong cu\u1ed9c s\u1ed1ng h\u1eb1ng ng\u00e0y.<\/td>\n<\/tr>\n<tr>\n<td class=\"table-tit1\">K\u00ec h\u1ea1n<\/td>\n<td>Nguy\u00ean t\u1eafc t\u1eeb khi b\u1eaft \u0111\u1ea7u h\u1ed7 tr\u1ee3 \u0111\u1ebfn k\u1ebft th\u00fac l\u00e0 1 n\u0103m.<\/td>\n<\/tr>\n<tr>\n<td class=\"table-tit1\">H\u1ecdc ph\u00ed<\/td>\n<td>Mi\u1ec5n ph\u00ed. (Tuy nhi\u00ean H\u1ecdc vi\u00ean s\u1ebd tr\u1ea3 nh\u1eefng ti\u1ec1n ph\u00e1t sinh khi h\u1ed7 tr\u1ee3 h\u1ecdc nh\u01b0 ti\u1ec1n copy ti\u1ec1n s\u00e1ch gi\u00e1o khoa hay ti\u1ec1n \u0111i l\u1ea1i c\u1ee7a t\u00ecnh nguy\u1ec7n vi\u00ean)<\/td>\n<\/tr>\n<tr>\n<td class=\"table-tit1\">\u0110\u0103ng k\u00ed<\/td>\n<td>\u0110i\u1ec1n th\u00f4ng tin v\u00e0o gi\u1ea5y \u0111\u0103ng k\u00ed v\u00e0 \u0111em \u0111\u1ebfn Trung t\u00e2m \u0111a v\u0103n h\u00f3a Sendai .Kh\u00f4ng nh\u1eadn g\u1eedi qua b\u01b0u \u0111i\u1ec7n ho\u1eb7c mail.<\/td>\n<\/tr>\n<\/tbody>\n<\/table>\n<\/figure>\n\n<h3>C\u00e2u h\u1ecfi th\u01b0\u1eddng g\u1eb7p<\/h3>\n<p class=\"list-Q\"><span>Q1<\/span>\u3000H\u1ed7 tr\u1ee3 h\u1ecdc s\u1ebd b\u1eaft \u0111\u1ea7u di\u1ec5n ra nh\u01b0 th\u1ebf n\u00e0o?<\/p>\n<p class=\"list-Q ml20\"><span>A1<\/span><\/p>\n<ol class=\"list-A\">\n \t<li>SenTIA s\u1ebd gi\u1edbi thi\u1ec7u t\u00ecnh nguy\u1ec7n vi\u00ean cho b\u1ea1n.<\/li>\n \t<li>B\u1ea1n v\u00e0 t\u00ecnh nguy\u1ec7n vi\u00ean s\u1ebd g\u1eb7p nhau v\u00e0 quy\u1ebft \u0111\u1ecbnh n\u1ed9i dung h\u1ecdc.<\/li>\n \t<li>N\u1ebfu kh\u00f4ng c\u00f3 v\u1ea5n \u0111\u1ec1 g\u00ec kh\u00fac m\u1eafc, vi\u1ec7c gi\u00fap \u0111\u1ee1 h\u1ecdc s\u1ebd b\u1eaft \u0111\u1ea7u.<\/li>\n<\/ol>\n\n<p class=\"list-Q\"><span>Q2<\/span>\u3000H\u1ed7 tr\u1ee3 h\u1ecdc t\u1eadp s\u1ebd \u0111\u01b0\u1ee3c th\u1ef1c hi\u1ec7n \u1edf \u0111\u00e2u?<\/p>\n<p class=\"list-Q ml20\"><span>A2<\/span><\/p>\n<ul class=\"list-A\">\n \t<li>N\u01a1i h\u1ed7 tr\u1ee3 h\u1ecdc t\u1eadp s\u1ebd c\u00e1c c\u00f4ng tr\u00ecnh c\u00f4ng c\u1ed9ng, cafe,vv.<\/li>\n<\/ul>\n\n<p class=\"list-Q\"><span>Q3<\/span>\u3000T\u00ecnh nguy\u1ec7n vi\u00ean l\u00e0 nh\u1eefng ng\u01b0\u1eddi nh\u01b0 th\u1ebf n\u00e0o?<\/p>\n<p class=\"list-Q ml20\"><span>A3<\/span><\/p>\n<ul class=\"list-A\">\n \t<li>C\u00f3 r\u1ea5t nhi\u1ec1u ki\u1ec3u ng\u01b0\u1eddi h\u1ed7 tr\u1ee3, c\u00f3 nh\u1eefng ng\u01b0\u1eddi m\u1edbi l\u00e0 l\u1ea7n \u0111\u1ea7u h\u1ed7 tr\u1ee3 h\u1ecdc ti\u1ebfng Nh\u1eadt c\u00f3 nh\u1eefng ng\u01b0\u1eddi \u0111\u00e3 nhi\u1ec1u l\u1ea7n h\u1ed7 tr\u1ee3. H\u00e3y c\u00f9ng v\u1edbi t\u00ecnh nguy\u1ec7n vi\u00ean c\u1ee7a m\u00ecnh n\u00f3i chuy\u1ec7n v\u00e0 ch\u1ecdn ra nh\u1eefng g\u00ec m\u00ecnh mu\u1ed1n h\u1ecdc.<\/li>\n<\/ul>\n\n<p class=\"list-Q\"><span>Q4<\/span>\u3000Nh\u1eefng ph\u00ed ph\u00e1t sinh khi h\u1ecdc ai s\u1ebd tr\u1ea3?<\/p>\n<p class=\"list-Q ml20\"><span>A4<\/span><\/p>\n<ul class=\"list-A\">\n \t<li>V\u1ec1 c\u01a1 b\u1ea3n ti\u1ec1n ph\u00e1t sinh s\u1ebd do H\u1ecdc vi\u00ean tr\u1ea3. V\u00ed d\u1ee5 nh\u01b0 ti\u1ec1n \u0111i l\u1ea1i c\u1ee7a t\u00ecnh nguy\u1ec7n vi\u00ean, ti\u1ec1n s\u00e1ch gi\u00e1o khoa, ti\u1ec1n copy.<\/li>\n<\/ul>\n\n<p class=\"list-Q\"><span>Q5<\/span>\u3000G\u1ea7n n\u01a1i t\u00f4i \u1edf kh\u00f4ng c\u00f3 ch\u1ed7 \u0111\u1ec3 h\u1ecdc th\u00ec t\u00f4i ph\u1ea3i l\u00e0m sao?<\/p>\n<p class=\"list-Q ml20\"><span>A5<\/span><\/p>\n<ul class=\"list-A\">\n \t<li>Ch\u00fang t\u00f4i c\u0169ng c\u00f3 h\u1ed7 tr\u1ee3 h\u1ecdc online (h\u1ecdc qua m\u1ea1ng). N\u00ean nh\u1eefng ai c\u00f3 m\u00e1y t\u00ednh c\u00e1 nh\u00e2n ho\u1eb7c m\u00e1y t\u00ednh b\u1ea3ng c\u00f3 k\u1ebft n\u1ed1i m\u1ea1ng internet th\u00ec c\u00f3 th\u1ec3 h\u1ecdc t\u1ea1i nh\u00e0 \u0111\u01b0\u1ee3c.<\/li>\n<\/ul>\n\n\n\n<p><\/p>\n","protected":false},"excerpt":{"rendered":"<p>Nh\u1eb1m m\u1ee5c \u0111\u00edch gi\u00fap \u0111\u1ee1 vi\u1ec7c h\u1ecdc ti\u1ebfng Nh\u1eadt cho nh\u1eefng ai b\u1eadn v\u00ec c\u00f4ng vi\u1ec7c ho\u1eb7c nu\u00f4i con m\u00e0 kh\u00f4ng th\u1ec3 tham gia kh [&hellip;]<\/p>\n","protected":false},"author":1,"featured_media":0,"parent":0,"menu_order":0,"comment_status":"closed","ping_status":"closed","template":"","meta":{"footnotes":""},"class_list":["post-219","page","type-page","status-publish","hentry"],"_links":{"self":[{"href":"https:\/\/www.int.sentia-sendai.jp\/nihongo-vn\/wp-json\/wp\/v2\/pages\/219"}],"collection":[{"href":"https:\/\/www.int.sentia-sendai.jp\/nihongo-vn\/wp-json\/wp\/v2\/pages"}],"about":[{"href":"https:\/\/www.int.sentia-sendai.jp\/nihongo-vn\/wp-json\/wp\/v2\/types\/page"}],"author":[{"embeddable":true,"href":"https:\/\/www.int.sentia-sendai.jp\/nihongo-vn\/wp-json\/wp\/v2\/users\/1"}],"replies":[{"embeddable":true,"href":"https:\/\/www.int.sentia-sendai.jp\/nihongo-vn\/wp-json\/wp\/v2\/comments?post=219"}],"version-history":[{"count":5,"href":"https:\/\/www.int.sentia-sendai.jp\/nihongo-vn\/wp-json\/wp\/v2\/pages\/219\/revisions"}],"predecessor-version":[{"id":326,"href":"https:\/\/www.int.sentia-sendai.jp\/nihongo-vn\/wp-json\/wp\/v2\/pages\/219\/revisions\/326"}],"wp:attachment":[{"href":"https:\/\/www.int.sentia-sendai.jp\/nihongo-vn\/wp-json\/wp\/v2\/media?parent=219"}],"curies":[{"name":"wp","href":"https:\/\/api.w.org\/{rel}","templated":true}]}}