{"id":212,"date":"2024-09-25T11:31:50","date_gmt":"2024-09-25T02:31:50","guid":{"rendered":"https:\/\/www.int.sentia-sendai.jp\/nihongo-vn\/?page_id=212"},"modified":"2024-09-25T11:31:50","modified_gmt":"2024-09-25T02:31:50","slug":"truong-dai-hoc-tohoku-gakuin-cau-lac-bo-tinh-nguyen-vien-tieng-nhat-hands","status":"publish","type":"page","link":"https:\/\/www.int.sentia-sendai.jp\/nihongo-vn\/class\/hands\/","title":{"rendered":"Tr\u01b0\u1eddng \u0111\u1ea1i h\u1ecdc Tohoku Gakuin C\u00e2u l\u1ea1c b\u1ed9 t\u00ecnh nguy\u1ec7n vi\u00ean ti\u1ebfng Nh\u1eadt HANDS"},"content":{"rendered":"\n<pre class=\"wp-block-preformatted headline\">H\u00e3y li\u00ean l\u1ea1c v\u1edbi ch\u00fang t\u00f4i b\u1eb1ng Email tr\u01b0\u1edbc. Ch\u00fang t\u00f4i cung c\u1ea5p c\u00e1c b\u00e0i h\u1ecdc nh\u00f3m nh\u1ecf chia theo c\u1ea5p \u0111\u1ed9.<\/pre>\n\n\n\n<p>Ch\u00fang t\u00f4i HANDS l\u00e0 c\u00e2u l\u1ea1c b\u1ed9 t\u00ecnh nguy\u1ec7n vi\u00ean d\u1ea1y ti\u1ebfng Nh\u1eadt cho ng\u01b0\u1eddi n\u01b0\u1edbc ngo\u00e0i \u0111ang s\u1ed1ng \u1edf ngo\u1ea1i \u00f4 Sendai. D\u1ef1a v\u00e0o ph\u1ecfng v\u1ea5n, h\u1ecdc sinh \u0111\u01b0\u1ee3c chia th\u00e0nh c\u00e1c l\u1edbp m\u1edbi b\u1eaft \u0111\u1ea7u, trung c\u1ea5p v\u00e0 cao c\u1ea5p, v\u00e0 c\u00e1c l\u1edbp \u0111\u01b0\u1ee3c t\u1ed5 ch\u1ee9c theo nh\u00f3m nh\u1ecf. V\u00ec ch\u00fang t\u00f4i thi\u1ebft k\u1ebf b\u00e0i gi\u1ea3ng ph\u00f9 h\u1ee3p v\u1edbi nhu c\u1ea7u c\u1ee7a t\u1eebng h\u1ecdc sinh, n\u00ean t\u00e0i li\u1ec7u h\u1ecdc t\u1eadp s\u1ebd chu\u1ea9n b\u1ecb m\u1ed7i tu\u1ea7n. C\u00e1c b\u1ea1n h\u1ecdc ti\u1ebfng Nh\u1eadt c\u00f9ng sinh vi\u00ean ch\u00fang t\u00f4i kh\u00f4ng.<\/p>\n\n\n\n<figure class=\"wp-block-table mb60-table under-element mt50\"><table><tbody><tr><td class=\"table-tit1\">\u0110\u1ed1i t\u01b0\u1ee3ng<\/td><td>S\u01a1 c\u1ea5p, trung c\u1ea5p, cao c\u1ea5p<\/td><\/tr><tr><td class=\"table-tit1\">Th\u1eddi \u0111i\u1ec3m<\/td><td>B\u1ea5t c\u1ee9 khi n\u00e0o<\/td><\/tr><tr><td class=\"table-tit1\">Ng\u00e0y gi\u1edd ho\u1ea1t \u0111\u1ed9ng<\/td><td>M\u1ed7i tu\u1ea7n 2 l\u1ea7n \uff08th\u1ee9 3, th\u1ee9 6\uff09<br>Th\u1ee9 3 19\uff1a00-21\uff1a00<br>Th\u1ee9 6 19\uff1a00-21\uff1a00<\/td><\/tr><tr><td class=\"table-tit1\">Ph\u00ed<\/td><td>Mi\u1ec5n ph\u00ed<\/td><\/tr><tr><td class=\"table-tit1\">\u0110\u1ecba \u0111i\u1ec3m<\/td><td>Tr\u1ef1c di\u1ec7n\uff1aTouhoku Gakuin Daigaku<br>Itsutsubashi Campus 6kai online<\/td><\/tr><tr><td class=\"table-tit1\">Li\u00ean h\u1ec7<\/td><td>E-mail\uff1a2001hands@gmail.com<\/td><\/tr><\/tbody><\/table><\/figure>\n\n\n\n<div class=\"wp-block-columns is-layout-flex wp-container-core-columns-is-layout-1 wp-block-columns-is-layout-flex\">\n<div class=\"wp-block-column is-layout-flow wp-block-column-is-layout-flow\">\n<figure class=\"wp-block-image size-full\"><img loading=\"lazy\" decoding=\"async\" width=\"960\" height=\"466\" src=\"https:\/\/www.int.sentia-sendai.jp\/nihongo-vn\/_manage\/wp-content\/uploads\/2024\/09\/HANDS-1.jpg\" alt=\"\" class=\"wp-image-215\" srcset=\"https:\/\/www.int.sentia-sendai.jp\/nihongo-vn\/_manage\/wp-content\/uploads\/2024\/09\/HANDS-1.jpg 960w, https:\/\/www.int.sentia-sendai.jp\/nihongo-vn\/_manage\/wp-content\/uploads\/2024\/09\/HANDS-1-300x146.jpg 300w, https:\/\/www.int.sentia-sendai.jp\/nihongo-vn\/_manage\/wp-content\/uploads\/2024\/09\/HANDS-1-768x373.jpg 768w\" sizes=\"(max-width: 960px) 100vw, 960px\" \/><\/figure>\n<\/div>\n\n\n\n<div class=\"wp-block-column is-layout-flow wp-block-column-is-layout-flow\">\n<figure class=\"wp-block-image size-large\"><img loading=\"lazy\" decoding=\"async\" width=\"1024\" height=\"576\" src=\"https:\/\/www.int.sentia-sendai.jp\/nihongo-vn\/_manage\/wp-content\/uploads\/2024\/09\/HANDS_2-1024x576.jpg\" alt=\"\" class=\"wp-image-216\" srcset=\"https:\/\/www.int.sentia-sendai.jp\/nihongo-vn\/_manage\/wp-content\/uploads\/2024\/09\/HANDS_2-1024x576.jpg 1024w, https:\/\/www.int.sentia-sendai.jp\/nihongo-vn\/_manage\/wp-content\/uploads\/2024\/09\/HANDS_2-300x169.jpg 300w, https:\/\/www.int.sentia-sendai.jp\/nihongo-vn\/_manage\/wp-content\/uploads\/2024\/09\/HANDS_2-768x432.jpg 768w, https:\/\/www.int.sentia-sendai.jp\/nihongo-vn\/_manage\/wp-content\/uploads\/2024\/09\/HANDS_2-1536x864.jpg 1536w, https:\/\/www.int.sentia-sendai.jp\/nihongo-vn\/_manage\/wp-content\/uploads\/2024\/09\/HANDS_2-320x180.jpg 320w, https:\/\/www.int.sentia-sendai.jp\/nihongo-vn\/_manage\/wp-content\/uploads\/2024\/09\/HANDS_2.jpg 1920w\" sizes=\"(max-width: 1024px) 100vw, 1024px\" \/><\/figure>\n<\/div>\n<\/div>\n","protected":false},"excerpt":{"rendered":"<p>H\u00e3y li\u00ean l\u1ea1c v\u1edbi ch\u00fang t\u00f4i b\u1eb1ng Email tr\u01b0\u1edbc. Ch\u00fang t\u00f4i cung c\u1ea5p c\u00e1c b\u00e0i h\u1ecdc nh\u00f3m nh\u1ecf chia theo c\u1ea5p \u0111\u1ed9. Ch\u00fang t [&hellip;]<\/p>\n","protected":false},"author":1,"featured_media":0,"parent":67,"menu_order":0,"comment_status":"closed","ping_status":"closed","template":"","meta":{"footnotes":""},"class_list":["post-212","page","type-page","status-publish","hentry"],"_links":{"self":[{"href":"https:\/\/www.int.sentia-sendai.jp\/nihongo-vn\/wp-json\/wp\/v2\/pages\/212"}],"collection":[{"href":"https:\/\/www.int.sentia-sendai.jp\/nihongo-vn\/wp-json\/wp\/v2\/pages"}],"about":[{"href":"https:\/\/www.int.sentia-sendai.jp\/nihongo-vn\/wp-json\/wp\/v2\/types\/page"}],"author":[{"embeddable":true,"href":"https:\/\/www.int.sentia-sendai.jp\/nihongo-vn\/wp-json\/wp\/v2\/users\/1"}],"replies":[{"embeddable":true,"href":"https:\/\/www.int.sentia-sendai.jp\/nihongo-vn\/wp-json\/wp\/v2\/comments?post=212"}],"version-history":[{"count":3,"href":"https:\/\/www.int.sentia-sendai.jp\/nihongo-vn\/wp-json\/wp\/v2\/pages\/212\/revisions"}],"predecessor-version":[{"id":217,"href":"https:\/\/www.int.sentia-sendai.jp\/nihongo-vn\/wp-json\/wp\/v2\/pages\/212\/revisions\/217"}],"up":[{"embeddable":true,"href":"https:\/\/www.int.sentia-sendai.jp\/nihongo-vn\/wp-json\/wp\/v2\/pages\/67"}],"wp:attachment":[{"href":"https:\/\/www.int.sentia-sendai.jp\/nihongo-vn\/wp-json\/wp\/v2\/media?parent=212"}],"curies":[{"name":"wp","href":"https:\/\/api.w.org\/{rel}","templated":true}]}}