{"id":203,"date":"2024-09-25T11:30:44","date_gmt":"2024-09-25T02:30:44","guid":{"rendered":"https:\/\/www.int.sentia-sendai.jp\/nihongo-vn\/?page_id=203"},"modified":"2025-01-15T10:22:05","modified_gmt":"2025-01-15T01:22:05","slug":"hoi-nghien-cuu-cafe-doc-sach","status":"publish","type":"page","link":"https:\/\/www.int.sentia-sendai.jp\/nihongo-vn\/class\/honnomori-cafe\/","title":{"rendered":"H\u1ed9i nghi\u00ean c\u1ee9u Cafe \u0111\u1ecdc s\u00e1ch"},"content":{"rendered":"\n<pre class=\"wp-block-preformatted headline\">C\u00f9ng th\u01b0\u1edfng th\u1ee9c s\u00e1ch ti\u1ebfng Nh\u1eadt nh\u00e9!<\/pre>\n\n\n\n<p>Ch\u00fang t\u00f4i c\u00f3 truy\u1ec7n tranh, truy\u1ec7n thi\u1ebfu nhi v\u00e0 s\u00e1ch ti\u1ebfng Nh\u00e2t d\u1ec5 hi\u1ec3u.<br>Trong s\u1ed1 \u0111\u00f3 b\u1ea1n l\u1ef1a ch\u1ecdn b\u1ea5t c\u1ee9 quy\u1ec3n s\u00e1ch n\u00e0o m\u00ecnh th\u00edch v\u00e0 c\u00f9ng \u0111\u1ecdc n\u00f3.<br>Sau khi \u0111\u1ecdc s\u00e1ch xong, th\u00ec ch\u00fang ta c\u00f9ng tr\u00f2 chuy\u1ec7n.<\/p>\n\n\n\n<figure class=\"wp-block-table mb60-table under-element\"><table><tbody><tr><td class=\"table-tit1\">\u0110\u1ed1i t\u01b0\u1ee3ng<\/td><td>Nh\u1eefng ai c\u00f3 th\u1ec3 \u0111\u1ecdc ch\u1eef Hiragana<\/td><\/tr><tr><td class=\"table-tit1\">Th\u1eddi \u0111i\u1ec3m<\/td><td><\/td><\/tr><tr><td class=\"table-tit1\">Ng\u00e0y gi\u1edd ho\u1ea1t \u0111\u1ed9ng<\/td><td>M\u1ed7i th\u00e1ng v\u00e0o th\u1ee9 7 c\u1ee7a tu\u1ea7n th\u1ee9 3  t\u1eeb \uff11\uff13\uff1a\uff11\uff15 \u0111\u1ebfn \uff11\uff14\uff1a\uff14\uff15<\/td><\/tr><tr><td class=\"table-tit1\">Ph\u00ed<\/td><td>Mi\u1ec5n ph\u00ed<\/td><\/tr><tr><td class=\"table-tit1\">\u0110\u1ecba \u0111i\u1ec3m<\/td><td>Aobaku Chuo Shimin Center\uff08<a rel=\"noreferrer noopener\" href=\"https:\/\/www.sendai-shimincenter.jp\/aoba\/aobachuou\/\" target=\"_blank\">Sendai-shi Aoba-ku Ichiban-cho 2-1-4<\/a>\uff09<\/td><\/tr><tr><td class=\"table-tit1\">Li\u00ean h\u1ec7<\/td><td>tadoku.kafe@gmail.com<\/td><\/tr><\/tbody><\/table><\/figure>\n\n\n\n<div class=\"wp-block-columns is-layout-flex wp-container-core-columns-is-layout-1 wp-block-columns-is-layout-flex\">\n<div class=\"wp-block-column is-layout-flow wp-block-column-is-layout-flow\">\n<figure class=\"wp-block-image size-large\"><img loading=\"lazy\" decoding=\"async\" width=\"1024\" height=\"768\" src=\"https:\/\/www.int.sentia-sendai.jp\/nihongo-vn\/_manage\/wp-content\/uploads\/2024\/09\/\u8a73\u7d30\u30da\u30fc\u30b8\u7528\u5199\u771f-1024x768.jpg\" alt=\"\" class=\"wp-image-208\" srcset=\"https:\/\/www.int.sentia-sendai.jp\/nihongo-vn\/_manage\/wp-content\/uploads\/2024\/09\/\u8a73\u7d30\u30da\u30fc\u30b8\u7528\u5199\u771f-1024x768.jpg 1024w, https:\/\/www.int.sentia-sendai.jp\/nihongo-vn\/_manage\/wp-content\/uploads\/2024\/09\/\u8a73\u7d30\u30da\u30fc\u30b8\u7528\u5199\u771f-300x225.jpg 300w, https:\/\/www.int.sentia-sendai.jp\/nihongo-vn\/_manage\/wp-content\/uploads\/2024\/09\/\u8a73\u7d30\u30da\u30fc\u30b8\u7528\u5199\u771f-768x576.jpg 768w, https:\/\/www.int.sentia-sendai.jp\/nihongo-vn\/_manage\/wp-content\/uploads\/2024\/09\/\u8a73\u7d30\u30da\u30fc\u30b8\u7528\u5199\u771f-1536x1152.jpg 1536w, https:\/\/www.int.sentia-sendai.jp\/nihongo-vn\/_manage\/wp-content\/uploads\/2024\/09\/\u8a73\u7d30\u30da\u30fc\u30b8\u7528\u5199\u771f.jpg 1824w\" sizes=\"(max-width: 1024px) 100vw, 1024px\" \/><figcaption>\u0110\u00e2y l\u00e0 s\u00e1ch \u0111\u01b0\u1ee3c tr\u01b0\u1eddng Nh\u1eadt ng\u1eef Qu\u1ed1c t\u1ebf Sendai so\u1ea1n th\u1ea3o.<\/figcaption><\/figure>\n<\/div>\n\n\n\n<div class=\"wp-block-column is-layout-flow wp-block-column-is-layout-flow\">\n<figure class=\"wp-block-image size-large\"><img loading=\"lazy\" decoding=\"async\" width=\"724\" height=\"1024\" src=\"https:\/\/www.int.sentia-sendai.jp\/nihongo-vn\/_manage\/wp-content\/uploads\/2024\/09\/\u30c8\u30c3\u30d7\u30da\u30fc\u30b8\u7528\u5199\u771f-1-724x1024.jpg\" alt=\"\" class=\"wp-image-209\" srcset=\"https:\/\/www.int.sentia-sendai.jp\/nihongo-vn\/_manage\/wp-content\/uploads\/2024\/09\/\u30c8\u30c3\u30d7\u30da\u30fc\u30b8\u7528\u5199\u771f-1-724x1024.jpg 724w, https:\/\/www.int.sentia-sendai.jp\/nihongo-vn\/_manage\/wp-content\/uploads\/2024\/09\/\u30c8\u30c3\u30d7\u30da\u30fc\u30b8\u7528\u5199\u771f-1-212x300.jpg 212w, https:\/\/www.int.sentia-sendai.jp\/nihongo-vn\/_manage\/wp-content\/uploads\/2024\/09\/\u30c8\u30c3\u30d7\u30da\u30fc\u30b8\u7528\u5199\u771f-1-768x1086.jpg 768w, https:\/\/www.int.sentia-sendai.jp\/nihongo-vn\/_manage\/wp-content\/uploads\/2024\/09\/\u30c8\u30c3\u30d7\u30da\u30fc\u30b8\u7528\u5199\u771f-1-1086x1536.jpg 1086w, https:\/\/www.int.sentia-sendai.jp\/nihongo-vn\/_manage\/wp-content\/uploads\/2024\/09\/\u30c8\u30c3\u30d7\u30da\u30fc\u30b8\u7528\u5199\u771f-1.jpg 1240w\" sizes=\"(max-width: 724px) 100vw, 724px\" \/><\/figure>\n<\/div>\n<\/div>\n","protected":false},"excerpt":{"rendered":"<p>C\u00f9ng th\u01b0\u1edfng th\u1ee9c s\u00e1ch ti\u1ebfng Nh\u1eadt nh\u00e9! Ch\u00fang t\u00f4i c\u00f3 truy\u1ec7n tranh, truy\u1ec7n thi\u1ebfu nhi v\u00e0 s\u00e1ch ti\u1ebfng Nh\u00e2t d\u1ec5 hi\u1ec3u.T [&hellip;]<\/p>\n","protected":false},"author":1,"featured_media":0,"parent":67,"menu_order":0,"comment_status":"closed","ping_status":"closed","template":"","meta":{"footnotes":""},"class_list":["post-203","page","type-page","status-publish","hentry"],"_links":{"self":[{"href":"https:\/\/www.int.sentia-sendai.jp\/nihongo-vn\/wp-json\/wp\/v2\/pages\/203"}],"collection":[{"href":"https:\/\/www.int.sentia-sendai.jp\/nihongo-vn\/wp-json\/wp\/v2\/pages"}],"about":[{"href":"https:\/\/www.int.sentia-sendai.jp\/nihongo-vn\/wp-json\/wp\/v2\/types\/page"}],"author":[{"embeddable":true,"href":"https:\/\/www.int.sentia-sendai.jp\/nihongo-vn\/wp-json\/wp\/v2\/users\/1"}],"replies":[{"embeddable":true,"href":"https:\/\/www.int.sentia-sendai.jp\/nihongo-vn\/wp-json\/wp\/v2\/comments?post=203"}],"version-history":[{"count":8,"href":"https:\/\/www.int.sentia-sendai.jp\/nihongo-vn\/wp-json\/wp\/v2\/pages\/203\/revisions"}],"predecessor-version":[{"id":317,"href":"https:\/\/www.int.sentia-sendai.jp\/nihongo-vn\/wp-json\/wp\/v2\/pages\/203\/revisions\/317"}],"up":[{"embeddable":true,"href":"https:\/\/www.int.sentia-sendai.jp\/nihongo-vn\/wp-json\/wp\/v2\/pages\/67"}],"wp:attachment":[{"href":"https:\/\/www.int.sentia-sendai.jp\/nihongo-vn\/wp-json\/wp\/v2\/media?parent=203"}],"curies":[{"name":"wp","href":"https:\/\/api.w.org\/{rel}","templated":true}]}}