{"id":185,"date":"2024-09-25T11:31:26","date_gmt":"2024-09-25T02:31:26","guid":{"rendered":"https:\/\/www.int.sentia-sendai.jp\/nihongo-vn\/?page_id=185"},"modified":"2025-04-07T13:25:52","modified_gmt":"2025-04-07T04:25:52","slug":"salon-tieng-nhat-izumi","status":"publish","type":"page","link":"https:\/\/www.int.sentia-sendai.jp\/nihongo-vn\/class\/izumi-salon\/","title":{"rendered":"Salon ti\u1ebfng Nh\u1eadt Izumi"},"content":{"rendered":"\n<p class=\"mt20\">\u0110\u01b0\u1ee3c b\u1eaft \u0111\u1ea7u v\u00e0o n\u0103m 2002. C\u00f3 tr\u1ee5 s\u1edf t\u1ea1i Trung t\u00e2m h\u00e0nh ch\u00ednh Katsura, ch\u00fang t\u00f4i ho\u1ea1t \u0111\u1ed9ng v\u00e0o th\u1ee9 S\u00e1u h\u00e0ng tu\u1ea7n t\u1eeb 10:00 \u0111\u1ebfn 11:30. \u0110\u1ed1i t\u01b0\u1ee3ng l\u00e0 ng\u01b0\u1eddi tr\u00ecnh \u0111\u1ed9 s\u01a1 c\u1ea5p v\u00e0 trung c\u1ea5p v\u00e0 s\u1ebd h\u1ecdc theo nh\u00f3m nh\u1ecf gi\u1eefa gi\u00e1o vi\u00ean v\u00e0 ng\u01b0\u1eddi h\u1ecdc tr\u00ean c\u01a1 s\u1edf 1-1 ho\u1eb7c 1-2. Ch\u00fang t\u00f4i t\u1eadp trung v\u00e0o h\u1ed9i tho\u1ea1i h\u00e0ng ng\u00e0y v\u00e0 thi\u1ebft k\u1ebf kh\u00f3a h\u1ecdc theo nhu c\u1ea7u ng\u01b0\u1eddi h\u1ecdc. Ch\u00fang t\u00f4i c\u0169ng d\u1ea1y tr\u1ef1c tuy\u1ebfn cho nh\u1eefng h\u1ecdc vi\u00ean kh\u00f4ng th\u1ec3 tham d\u1ef1 v\u00e0o th\u1eddi gian n\u00e0y.<\/p>\n\n\n\n<p>Hi\u1ec7n t\u1ea1i\uff08th\u00e1ng 4 n\u0103m 2023\uff09c\u00f3 16 gi\u00e1o vi\u00ean. M\u1ecdi ng\u01b0\u1eddi \u1edf nhi\u1ec1u \u0111\u01a1n v\u1ecb v\u00e0 \u0111\u00e3 tham gia xong kh\u00f3a d\u1ea1y ti\u1ebfng Nh\u1eadt. T\u1eeb ng\u01b0\u1eddi tr\u1ebb \u0111\u1ebfn ng\u01b0\u1eddi l\u1edbn tu\u1ed5i m\u1ecdi ng\u01b0\u1eddi \u0111\u1ec1u vui v\u1ebb tham gia.<\/p>\n\n\n\n<p>Ngo\u00e0i gi\u1edd h\u1ecdc th\u00f4ng th\u01b0\u1eddng, ch\u00fang t\u00f4i c\u0169ng t\u1ed5 ch\u1ee9c l\u1edbp n\u1ea5u \u0103n, bu\u1ed5i h\u00f9ng bi\u1ec7n, gi\u1edbi thi\u1ec7u v\u0103n ho\u00e1 Nh\u1eadt b\u1ea3n (th\u0103m ch\u00f9a, m\u1edf l\u1edbp th\u01b0 ph\u00e1p). (trong su\u1ed1t 3 n\u0103m, v\u00ec \u1ea3nh h\u01b0\u1edfng c\u1ee7a d\u1ecbch Corona n\u00ean l\u1edbp n\u1ea5u \u0103n v\u00e0 ho\u1ea1t \u0111\u1ed9ng th\u0103m ch\u00f9a th\u00ec \u0111\u00e3 ngh\u1ec9. )<\/p>\n\n\n\n<p>C\u00e1c b\u1ea1n c\u00f3 th\u1ec3 tham gia b\u1ea5t c\u1ee9 khi n\u00e0o. Ph\u00ed h\u1ecdc mi\u1ec5n ph\u00ed. N\u1ebfu quan t\u00e2m xin vui l\u00f2ng li\u00ean h\u1ec7 v\u00e0o b\u00ean d\u01b0\u1edbi.<\/p>\n\n\n\n<p>Trang ch\u1ee7 Salon ti\u1ebfng Nh\u1eadt Izumi<br><a href=\"https:\/\/katsura3191.jimdofree.com\/\" target=\"_blank\" rel=\"noreferrer noopener\">https:\/\/katsura3191.jimdofree.com<\/a><\/p>\n\n\n\n<figure class=\"wp-block-table mb60-table under-element mt50\"><table><tbody><tr><td class=\"table-tit1\">\u0110\u1ed1i t\u01b0\u1ee3ng<\/td><td>B\u1ea5t c\u1ee9 ai<\/td><\/tr><tr><td class=\"table-tit1\">Th\u1eddi \u0111i\u1ec3m<\/td><td>B\u1ea5t c\u1ee9 khi n\u00e0o<\/td><\/tr><tr><td class=\"table-tit1\">Ng\u00e0y gi\u1edd ho\u1ea1t \u0111\u1ed9ng<\/td><td>M\u1ed7i tu\u1ea7n v\u00e0o th\u1ee9 6 t\u1eeb 10\uff1a00-11\uff1a45<br>\uff08ngo\u1ea1i tr\u1eeb l\u1ec5 ngh\u1ec9, l\u1ec5 t\u1ebft, tu\u1ea7n l\u1ec5 v\u00e0ng, ngh\u1ec9 obon\uff09<\/td><\/tr><tr><td class=\"table-tit1\">Ph\u00ed<\/td><td>Mi\u1ec5n ph\u00ed (ph\u00ed s\u00e1ch gi\u00e1o khoa, t\u00e0i li\u1ec7u c\u1ea7n thi\u1ebft cho bu\u1ed5i h\u1ecdc th\u00ec ng\u01b0\u1eddi h\u1ecdc s\u1ebd t\u1ef1 tr\u1ea3)<\/td><\/tr><tr><td class=\"table-tit1\">\u0110\u1ecba \u0111i\u1ec3m<\/td><td>Katsura Shimin center ph\u00f2ng h\u1ecdp<br>Sendai-shi izumi-ku Katsura 3-19-1<br>\uff34\uff25\uff2c\uff1a022-375-0550<\/td><\/tr><tr><td class=\"table-tit1\">Li\u00ean h\u1ec7<\/td><td>\uff08Atsumi\uff09TEL\uff1a090-4312-5431<br>E-mail\uff1aatsumi19511228@yahoo.co.jp<\/td><\/tr><\/tbody><\/table><\/figure>\n\n\n\n<div class=\"wp-block-columns is-layout-flex wp-container-core-columns-is-layout-1 wp-block-columns-is-layout-flex\">\n<div class=\"wp-block-column is-layout-flow wp-block-column-is-layout-flow\">\n<figure class=\"wp-block-image aligncenter size-full\"><img loading=\"lazy\" decoding=\"async\" width=\"300\" height=\"400\" src=\"https:\/\/www.int.sentia-sendai.jp\/nihongo-vn\/_manage\/wp-content\/uploads\/2024\/09\/\u6cc9\u65e5\u672c\u8a9e\u30b5\u30ed\u30f31.jpg\" alt=\"\" class=\"wp-image-189\" srcset=\"https:\/\/www.int.sentia-sendai.jp\/nihongo-vn\/_manage\/wp-content\/uploads\/2024\/09\/\u6cc9\u65e5\u672c\u8a9e\u30b5\u30ed\u30f31.jpg 300w, https:\/\/www.int.sentia-sendai.jp\/nihongo-vn\/_manage\/wp-content\/uploads\/2024\/09\/\u6cc9\u65e5\u672c\u8a9e\u30b5\u30ed\u30f31-225x300.jpg 225w\" sizes=\"(max-width: 300px) 100vw, 300px\" \/><\/figure>\n<\/div>\n\n\n\n<div class=\"wp-block-column is-layout-flow wp-block-column-is-layout-flow\">\n<figure class=\"wp-block-image aligncenter size-full\"><img loading=\"lazy\" decoding=\"async\" width=\"300\" height=\"400\" src=\"https:\/\/www.int.sentia-sendai.jp\/nihongo-vn\/_manage\/wp-content\/uploads\/2024\/09\/\u6cc9\u65e5\u672c\u8a9e\u30b5\u30ed\u30f32.jpg\" alt=\"\" class=\"wp-image-190\" srcset=\"https:\/\/www.int.sentia-sendai.jp\/nihongo-vn\/_manage\/wp-content\/uploads\/2024\/09\/\u6cc9\u65e5\u672c\u8a9e\u30b5\u30ed\u30f32.jpg 300w, https:\/\/www.int.sentia-sendai.jp\/nihongo-vn\/_manage\/wp-content\/uploads\/2024\/09\/\u6cc9\u65e5\u672c\u8a9e\u30b5\u30ed\u30f32-225x300.jpg 225w\" sizes=\"(max-width: 300px) 100vw, 300px\" \/><\/figure>\n<\/div>\n\n\n\n<div class=\"wp-block-column is-layout-flow wp-block-column-is-layout-flow\">\n<figure class=\"wp-block-image aligncenter size-full\"><img loading=\"lazy\" decoding=\"async\" width=\"300\" height=\"400\" src=\"https:\/\/www.int.sentia-sendai.jp\/nihongo-vn\/_manage\/wp-content\/uploads\/2024\/09\/\u6cc9\u65e5\u672c\u8a9e\u30b5\u30ed\u30f33.jpg\" alt=\"\" class=\"wp-image-191\" srcset=\"https:\/\/www.int.sentia-sendai.jp\/nihongo-vn\/_manage\/wp-content\/uploads\/2024\/09\/\u6cc9\u65e5\u672c\u8a9e\u30b5\u30ed\u30f33.jpg 300w, https:\/\/www.int.sentia-sendai.jp\/nihongo-vn\/_manage\/wp-content\/uploads\/2024\/09\/\u6cc9\u65e5\u672c\u8a9e\u30b5\u30ed\u30f33-225x300.jpg 225w\" sizes=\"(max-width: 300px) 100vw, 300px\" \/><\/figure>\n<\/div>\n<\/div>\n\n\n\n<h3 class=\"wp-block-heading\">T\u1ea3i v\u1ec1<\/h3>\n\n\n\n<div class=\"wp-block-file file-download\">Flyer[PDF]<a href=\"https:\/\/www.int.sentia-sendai.jp\/nihongo-vn\/_manage\/wp-content\/uploads\/2024\/09\/Izumi-nihongo.pdf\" class=\"wp-block-file__button wp-element-button\" download aria-describedby=\"wp-block-file--media-b011768d-f874-419a-8a5a-87dfdc9043a9\">T\u1ea3i v\u1ec1<\/a><\/div>\n\n\n\n<p><\/p>\n","protected":false},"excerpt":{"rendered":"<p>\u0110\u01b0\u1ee3c b\u1eaft \u0111\u1ea7u v\u00e0o n\u0103m 2002. C\u00f3 tr\u1ee5 s\u1edf t\u1ea1i Trung t\u00e2m h\u00e0nh ch\u00ednh Katsura, ch\u00fang t\u00f4i ho\u1ea1t \u0111\u1ed9ng v\u00e0o th\u1ee9 S\u00e1u h\u00e0ng tu [&hellip;]<\/p>\n","protected":false},"author":1,"featured_media":0,"parent":67,"menu_order":0,"comment_status":"closed","ping_status":"closed","template":"","meta":{"footnotes":""},"class_list":["post-185","page","type-page","status-publish","hentry"],"_links":{"self":[{"href":"https:\/\/www.int.sentia-sendai.jp\/nihongo-vn\/wp-json\/wp\/v2\/pages\/185"}],"collection":[{"href":"https:\/\/www.int.sentia-sendai.jp\/nihongo-vn\/wp-json\/wp\/v2\/pages"}],"about":[{"href":"https:\/\/www.int.sentia-sendai.jp\/nihongo-vn\/wp-json\/wp\/v2\/types\/page"}],"author":[{"embeddable":true,"href":"https:\/\/www.int.sentia-sendai.jp\/nihongo-vn\/wp-json\/wp\/v2\/users\/1"}],"replies":[{"embeddable":true,"href":"https:\/\/www.int.sentia-sendai.jp\/nihongo-vn\/wp-json\/wp\/v2\/comments?post=185"}],"version-history":[{"count":7,"href":"https:\/\/www.int.sentia-sendai.jp\/nihongo-vn\/wp-json\/wp\/v2\/pages\/185\/revisions"}],"predecessor-version":[{"id":343,"href":"https:\/\/www.int.sentia-sendai.jp\/nihongo-vn\/wp-json\/wp\/v2\/pages\/185\/revisions\/343"}],"up":[{"embeddable":true,"href":"https:\/\/www.int.sentia-sendai.jp\/nihongo-vn\/wp-json\/wp\/v2\/pages\/67"}],"wp:attachment":[{"href":"https:\/\/www.int.sentia-sendai.jp\/nihongo-vn\/wp-json\/wp\/v2\/media?parent=185"}],"curies":[{"name":"wp","href":"https:\/\/api.w.org\/{rel}","templated":true}]}}