{"id":172,"date":"2024-09-25T11:30:33","date_gmt":"2024-09-25T02:30:33","guid":{"rendered":"https:\/\/www.int.sentia-sendai.jp\/nihongo-vn\/?page_id=172"},"modified":"2025-01-06T10:07:58","modified_gmt":"2025-01-06T01:07:58","slug":"hiep-hoi-nguoi-viet-o-sendai-phong-tieng-nhat-sentva","status":"publish","type":"page","link":"https:\/\/www.int.sentia-sendai.jp\/nihongo-vn\/class\/sentva\/","title":{"rendered":"Hi\u1ec7p h\u1ed9i ng\u01b0\u1eddi Vi\u1ec7t \u1edf Sendai Ph\u00f2ng ti\u1ebfng Nh\u1eadt SenTVA"},"content":{"rendered":"\n<pre class=\"wp-block-preformatted headline\">L\u1edbp h\u1ecdc n\u00e0y l\u00e0 n\u01a1i d\u00e0nh cho nh\u1eefng ai mu\u1ed1n h\u1ecdc ti\u1ebfng Nh\u1eadt v\u00e0 c\u0169ng l\u00e0 n\u01a1i giao l\u01b0u tuy\u1ec7t v\u1eddi v\u1edbi nh\u1eefng gi\u00e1o vi\u00ean t\u00ecnh nguy\u1ec7n.<\/pre>\n\n\n\n<p>\u0110i\u1ec3m n\u1ed5i tr\u1ed9i c\u1ee7a ph\u00f2ng h\u1ecdc n\u00e0y.<br>Ch\u00fa tr\u1ecdng h\u1ed9i tho\u1ea1i :th\u00f4ng qua tr\u00f2 chuy\u1ec7n tr\u1ef1c ti\u1ebfp v\u1edbi gi\u00e1o vi\u00ean, c\u00f9ng n\u00e2ng cao tr\u00ecnh \u0111\u1ed9 ti\u1ebfng Nh\u1eadt<br>K\u1ebft b\u1ea1n: v\u1eeba k\u1ebft th\u00e2n v\u1edbi nhi\u1ec1u b\u1ea1n b\u00e8 m\u1edbi c\u0169ng nh\u01b0 t\u1ea1o c\u01a1 h\u1ed9i bi\u1ebft \u0111\u1ebfn v\u0103n h\u00f3a Nh\u1eadt b\u1ea3n.<br>Ph\u00f9 h\u1ee3p v\u1edbi tr\u00ecnh \u0111\u1ed9: t\u1eeb ng\u01b0\u1eddi c\u00f3 tr\u00ecnh \u0111\u1ed9 t\u1eeb s\u01a1 c\u1ea5p \u0111\u1ebfn n\u00e2ng cao, Ch\u00fang t\u00f4i c\u00f3 c\u00e1c l\u1edbp h\u1ecdc t\u00f9y ch\u1ec9nh cho m\u1ecdi c\u1ea5p \u0111\u1ed9.<\/p>\n\n\n\n<p>H\u00e3y \u0111\u1ebfn v\u1edbi ch\u00fang t\u00f4i, ngay c\u1ea3 nh\u1eefng ng\u01b0\u1eddi l\u1ea7n \u0111\u1ea7u ti\u00ean, v\u00e0 c\u1ea3 nh\u1eefng ng\u01b0\u1eddi mu\u1ed1n gi\u1ecfi ti\u1ebfng Nh\u1eadt h\u01a1n.<br>\u0110\u00e2y l\u00e0 n\u01a1i h\u1ecdc t\u1eadp vui v\u1ebb. Ch\u00fang t\u00f4i ch\u1edd \u0111\u1ee3i b\u1ea1n tham gia.<\/p>\n\n\n\n<p>Trang ch\u1ee7 SenTVA hi\u1ec7p h\u1ed9i ng\u01b0\u1eddi Vi\u1ec7t Nam t\u1ea1i Sendai<br><a href=\"https:\/\/www.sentva.com\/\" target=\"_blank\" rel=\"noreferrer noopener\">https:\/\/www.sentva.com\/<\/a><\/p>\n\n\n\n<figure class=\"wp-block-table mb60-table under-element mt50\"><table><tbody><tr><td class=\"table-tit1\">\u0110\u1ed1i t\u01b0\u1ee3ng<\/td><td>B\u1ea5t c\u1ee9 ai<\/td><\/tr><tr><td class=\"table-tit1\">Th\u1eddi \u0111i\u1ec3m<\/td><td>B\u1ea5t c\u1ee9 khi n\u00e0o<\/td><\/tr><tr><td class=\"table-tit1\">Ng\u00e0y gi\u1edd ho\u1ea1t \u0111\u1ed9ng<\/td><td>M\u1ed7i tu\u1ea7n v\u00e0o ch\u1ee7 nh\u1eadt t\u1eeb10\uff1a00\uff5e12\uff1a00<\/td><\/tr><tr><td class=\"table-tit1\">Ph\u00ed<\/td><td>20 l\u1ea7n 2000 y\u00ean \uff08ch\u1ebf \u0111\u1ed9 v\u00e9\uff09<\/td><\/tr><tr><td class=\"table-tit1\">\u0110\u1ecba \u0111i\u1ec3m<\/td><td>Miyagi NPO plaza Sendai-shi Miyagino-ku Tsutsujigaoka 5banchi<\/td><\/tr><tr><td class=\"table-tit1\">Li\u00ean h\u1ec7<\/td><td>Ng\u01b0\u1eddi \u0111\u1ea1i di\u1ec7n\uff1aDo Van Tuan<br>Emai\uff1aTuandovan2011@gmail.com<br>\u0110i\u1ec7n tho\u1ea1i di \u0111\u1ed9ng\uff1a080\uff0d9600\uff0d8686<\/td><\/tr><\/tbody><\/table><\/figure>\n\n\n\n<div class=\"wp-block-columns is-layout-flex wp-container-core-columns-is-layout-1 wp-block-columns-is-layout-flex\">\n<div class=\"wp-block-column is-layout-flow wp-block-column-is-layout-flow\">\n<figure class=\"wp-block-image size-full is-resized\"><img loading=\"lazy\" decoding=\"async\" width=\"422\" height=\"317\" src=\"https:\/\/www.int.sentia-sendai.jp\/nihongo-vn\/_manage\/wp-content\/uploads\/2024\/09\/\u6559\u5ba4\u306e\u69d8\u5b50.png\" alt=\"\" class=\"wp-image-175\" style=\"width:543px;height:auto\" srcset=\"https:\/\/www.int.sentia-sendai.jp\/nihongo-vn\/_manage\/wp-content\/uploads\/2024\/09\/\u6559\u5ba4\u306e\u69d8\u5b50.png 422w, https:\/\/www.int.sentia-sendai.jp\/nihongo-vn\/_manage\/wp-content\/uploads\/2024\/09\/\u6559\u5ba4\u306e\u69d8\u5b50-300x225.png 300w\" sizes=\"(max-width: 422px) 100vw, 422px\" \/><figcaption>H\u00ecnh \u1ea3nh l\u1edbp h\u1ecdc<\/figcaption><\/figure>\n<\/div>\n\n\n\n<div class=\"wp-block-column is-layout-flow wp-block-column-is-layout-flow\"><\/div>\n<\/div>\n\n\n\n<p><\/p>\n","protected":false},"excerpt":{"rendered":"<p>L\u1edbp h\u1ecdc n\u00e0y l\u00e0 n\u01a1i d\u00e0nh cho nh\u1eefng ai mu\u1ed1n h\u1ecdc ti\u1ebfng Nh\u1eadt v\u00e0 c\u0169ng l\u00e0 n\u01a1i giao l\u01b0u tuy\u1ec7t v\u1eddi v\u1edbi nh\u1eefng gi\u00e1o vi\u00ean [&hellip;]<\/p>\n","protected":false},"author":1,"featured_media":0,"parent":67,"menu_order":0,"comment_status":"closed","ping_status":"closed","template":"","meta":{"footnotes":""},"class_list":["post-172","page","type-page","status-publish","hentry"],"_links":{"self":[{"href":"https:\/\/www.int.sentia-sendai.jp\/nihongo-vn\/wp-json\/wp\/v2\/pages\/172"}],"collection":[{"href":"https:\/\/www.int.sentia-sendai.jp\/nihongo-vn\/wp-json\/wp\/v2\/pages"}],"about":[{"href":"https:\/\/www.int.sentia-sendai.jp\/nihongo-vn\/wp-json\/wp\/v2\/types\/page"}],"author":[{"embeddable":true,"href":"https:\/\/www.int.sentia-sendai.jp\/nihongo-vn\/wp-json\/wp\/v2\/users\/1"}],"replies":[{"embeddable":true,"href":"https:\/\/www.int.sentia-sendai.jp\/nihongo-vn\/wp-json\/wp\/v2\/comments?post=172"}],"version-history":[{"count":4,"href":"https:\/\/www.int.sentia-sendai.jp\/nihongo-vn\/wp-json\/wp\/v2\/pages\/172\/revisions"}],"predecessor-version":[{"id":297,"href":"https:\/\/www.int.sentia-sendai.jp\/nihongo-vn\/wp-json\/wp\/v2\/pages\/172\/revisions\/297"}],"up":[{"embeddable":true,"href":"https:\/\/www.int.sentia-sendai.jp\/nihongo-vn\/wp-json\/wp\/v2\/pages\/67"}],"wp:attachment":[{"href":"https:\/\/www.int.sentia-sendai.jp\/nihongo-vn\/wp-json\/wp\/v2\/media?parent=172"}],"curies":[{"name":"wp","href":"https:\/\/api.w.org\/{rel}","templated":true}]}}