{"id":146,"date":"2024-09-25T11:31:15","date_gmt":"2024-09-25T02:31:15","guid":{"rendered":"https:\/\/www.int.sentia-sendai.jp\/nihongo-vn\/?page_id=146"},"modified":"2024-09-25T11:31:15","modified_gmt":"2024-09-25T02:31:15","slug":"phong-hoc-danh-cho-hoc-sinh-tieu-hoc-va-trung-hoc-truong-nhat-ngu-quoc-te-sendai","status":"publish","type":"page","link":"https:\/\/www.int.sentia-sendai.jp\/nihongo-vn\/class\/sjls-course\/","title":{"rendered":"Ph\u00f2ng h\u1ecdc d\u00e0nh cho h\u1ecdc sinh Ti\u1ec3u h\u1ecdc v\u00e0 Trung h\u1ecdc (Tr\u01b0\u1eddng Nh\u1eadt ng\u1eef qu\u1ed1c t\u1ebf Sendai)"},"content":{"rendered":"\n<p class=\"mt20\">Nh\u1eefng gi\u00e1o vi\u00ean gi\u1ecfi c\u1ee7a tr\u01b0\u1eddng Nh\u1eadt ng\u1eef qu\u1ed1c t\u1ebf Sendai s\u1ebd h\u1ed7 tr\u1ee3 l\u00e0m b\u00e0i t\u1eadp v\u00e0 vi\u1ec7c h\u1ecdc ti\u1ebfng Nh\u1eadt \u1edf tr\u01b0\u1eddng. T\u1eeb n\u0103m 2016 m\u1ed7i n\u0103m 3 l\u1ea7n (ngh\u1ec9 xu\u00e2n, ngh\u1ec9 h\u00e8, ngh\u1ec9 \u0111\u00f4ng) s\u1ebd m\u1edf l\u1edbp. M\u1ed7i l\u1ea7n h\u1ecdc s\u1ebd t\u1ea7m 2 \u0111\u1ebfn 3 ng\u00e0y, 1 ng\u00e0y t\u1eeb 2 \u0111\u1ebfn 3 ti\u1ebfng. N\u1ed9i dung h\u1ecdc ,th\u1ee9 nh\u1ea5t l\u00e0 ch\u1eef c\u00e1i (h\u00e1n t\u1ef1, ch\u1eef Hiragana,ch\u1eef Katakana ) , th\u1ee9 nh\u00ec s\u1eed d\u1ee5ng m\u00e1y t\u00ednh, th\u1ee9 ba l\u00e0 t\u1eadp \u0111\u1ecdc v\u00e0 k\u1ec3 chuy\u1ec7n, th\u1ee9 t\u01b0 l\u00e0 l\u00e0m b\u00e0i t\u1eadp v\u00e0 h\u1ed7 tr\u1ee3 vi\u1ec7c t\u1ef1 h\u1ecdc, th\u1ee9 n\u0103m l\u00e0 nh\u1eefng ho\u1ea1t \u0111\u1ed9ng kh\u00e1c nh\u01b0 (ch\u01a1i v\u00f2ng tr\u00f2n,ch\u01a1i \u0111\u1ed1 ch\u1eef,) 5 th\u1ee9 k\u1ec3 tr\u00ean s\u1ebd thi\u1ebft k\u1ebf ph\u00f9 h\u1ee3p v\u1edbi tr\u1ebb em tham gia.<\/p>\n\n\n\n<figure class=\"wp-block-table mb60-table\"><table><tbody><tr><td class=\"table-tit1\">\u0110\u1ed1i t\u01b0\u1ee3ng<\/td><td>Tr\u1ebb em trong \u0111\u1ed9 tu\u1ed5i ti\u1ec3u h\u1ecdc, trung h\u1ecdc<\/td><\/tr><tr><td class=\"table-tit1\">Th\u1eddi \u0111i\u1ec3m<\/td><td>1 n\u0103m t\u1ea7m 3 l\u1ea7n\uff08ngh\u1ec9 xu\u00e2n, ngh\u1ec9 thu, ngh\u1ec9 \u0111\u00f4ng\uff09<\/td><\/tr><tr><td class=\"table-tit1\">Ng\u00e0y gi\u1edd ho\u1ea1t \u0111\u1ed9ng<\/td><td>1 l\u1ea7n t\u1ea7m 2 \u0111\u1ebfn 3 ng\u00e0y\uff081 ng\u00e0y t\u1eeb 2 \u0111\u1ebfn 3 ti\u1ebfng\uff09<\/td><\/tr><tr><td class=\"table-tit1\">Ph\u00ed<\/td><td>1 ng\u00e0y 500 y\u00ean<\/td><\/tr><tr><td class=\"table-tit1\">\u0110\u1ecba \u0111i\u1ec3m<\/td><td>Tr\u01b0\u1eddng Nh\u1eadt ng\u1eef qu\u1ed1c t\u1ebf Sendai\uff08Sendai-shi Aoba-ku Kakyouin 1-3-1\uff09<\/td><\/tr><tr><td class=\"table-tit1\">Li\u00ean h\u1ec7<\/td><td>Ph\u00f2ng h\u1ecdc ti\u1ebfng Nh\u1eadt d\u00e0nh cho h\u1ecdc sinh ti\u1ec3u h\u1ecdc, trung h\u1ecdc\uff08tr\u01b0\u1eddng Nh\u1eadt ng\u1eef qu\u1ed1c t\u1ebf Sendai\uff09<br>Email: sjls@jc-21.ac.jp<br>TEL\uff1a(022) 224-6509<\/td><\/tr><\/tbody><\/table><\/figure>\n\n\n\n<div class=\"wp-block-columns is-layout-flex wp-container-core-columns-is-layout-1 wp-block-columns-is-layout-flex\">\n<div class=\"wp-block-column is-layout-flow wp-block-column-is-layout-flow\">\n<figure class=\"wp-block-image size-full\"><img loading=\"lazy\" decoding=\"async\" width=\"808\" height=\"606\" src=\"https:\/\/www.int.sentia-sendai.jp\/nihongo-vn\/_manage\/wp-content\/uploads\/2024\/09\/\u4ed9\u53f0\u56fd\u969b\u65e5\u672c\u8a9e\u5b66\u68211.jpg\" alt=\"\" class=\"wp-image-149\" srcset=\"https:\/\/www.int.sentia-sendai.jp\/nihongo-vn\/_manage\/wp-content\/uploads\/2024\/09\/\u4ed9\u53f0\u56fd\u969b\u65e5\u672c\u8a9e\u5b66\u68211.jpg 808w, https:\/\/www.int.sentia-sendai.jp\/nihongo-vn\/_manage\/wp-content\/uploads\/2024\/09\/\u4ed9\u53f0\u56fd\u969b\u65e5\u672c\u8a9e\u5b66\u68211-300x225.jpg 300w, https:\/\/www.int.sentia-sendai.jp\/nihongo-vn\/_manage\/wp-content\/uploads\/2024\/09\/\u4ed9\u53f0\u56fd\u969b\u65e5\u672c\u8a9e\u5b66\u68211-768x576.jpg 768w\" sizes=\"(max-width: 808px) 100vw, 808px\" \/><\/figure>\n<\/div>\n\n\n\n<div class=\"wp-block-column is-layout-flow wp-block-column-is-layout-flow\">\n<figure class=\"wp-block-image size-full\"><img loading=\"lazy\" decoding=\"async\" width=\"808\" height=\"606\" src=\"https:\/\/www.int.sentia-sendai.jp\/nihongo-vn\/_manage\/wp-content\/uploads\/2024\/09\/\u4ed9\u53f0\u56fd\u969b\u65e5\u672c\u8a9e\u5b66\u68212.jpg\" alt=\"\" class=\"wp-image-150\" srcset=\"https:\/\/www.int.sentia-sendai.jp\/nihongo-vn\/_manage\/wp-content\/uploads\/2024\/09\/\u4ed9\u53f0\u56fd\u969b\u65e5\u672c\u8a9e\u5b66\u68212.jpg 808w, https:\/\/www.int.sentia-sendai.jp\/nihongo-vn\/_manage\/wp-content\/uploads\/2024\/09\/\u4ed9\u53f0\u56fd\u969b\u65e5\u672c\u8a9e\u5b66\u68212-300x225.jpg 300w, https:\/\/www.int.sentia-sendai.jp\/nihongo-vn\/_manage\/wp-content\/uploads\/2024\/09\/\u4ed9\u53f0\u56fd\u969b\u65e5\u672c\u8a9e\u5b66\u68212-768x576.jpg 768w\" sizes=\"(max-width: 808px) 100vw, 808px\" \/><\/figure>\n<\/div>\n\n\n\n<div class=\"wp-block-column is-layout-flow wp-block-column-is-layout-flow\">\n<figure class=\"wp-block-image size-full\"><img loading=\"lazy\" decoding=\"async\" width=\"808\" height=\"606\" src=\"https:\/\/www.int.sentia-sendai.jp\/nihongo-vn\/_manage\/wp-content\/uploads\/2024\/09\/\u4ed9\u53f0\u56fd\u969b\u65e5\u672c\u8a9e\u5b66\u68213.jpg\" alt=\"\" class=\"wp-image-151\" srcset=\"https:\/\/www.int.sentia-sendai.jp\/nihongo-vn\/_manage\/wp-content\/uploads\/2024\/09\/\u4ed9\u53f0\u56fd\u969b\u65e5\u672c\u8a9e\u5b66\u68213.jpg 808w, https:\/\/www.int.sentia-sendai.jp\/nihongo-vn\/_manage\/wp-content\/uploads\/2024\/09\/\u4ed9\u53f0\u56fd\u969b\u65e5\u672c\u8a9e\u5b66\u68213-300x225.jpg 300w, https:\/\/www.int.sentia-sendai.jp\/nihongo-vn\/_manage\/wp-content\/uploads\/2024\/09\/\u4ed9\u53f0\u56fd\u969b\u65e5\u672c\u8a9e\u5b66\u68213-768x576.jpg 768w\" sizes=\"(max-width: 808px) 100vw, 808px\" \/><\/figure>\n<\/div>\n<\/div>\n","protected":false},"excerpt":{"rendered":"<p>Nh\u1eefng gi\u00e1o vi\u00ean gi\u1ecfi c\u1ee7a tr\u01b0\u1eddng Nh\u1eadt ng\u1eef qu\u1ed1c t\u1ebf Sendai s\u1ebd h\u1ed7 tr\u1ee3 l\u00e0m b\u00e0i t\u1eadp v\u00e0 vi\u1ec7c h\u1ecdc ti\u1ebfng Nh\u1eadt \u1edf tr\u01b0\u1eddng. [&hellip;]<\/p>\n","protected":false},"author":1,"featured_media":0,"parent":67,"menu_order":0,"comment_status":"closed","ping_status":"closed","template":"","meta":{"footnotes":""},"class_list":["post-146","page","type-page","status-publish","hentry"],"_links":{"self":[{"href":"https:\/\/www.int.sentia-sendai.jp\/nihongo-vn\/wp-json\/wp\/v2\/pages\/146"}],"collection":[{"href":"https:\/\/www.int.sentia-sendai.jp\/nihongo-vn\/wp-json\/wp\/v2\/pages"}],"about":[{"href":"https:\/\/www.int.sentia-sendai.jp\/nihongo-vn\/wp-json\/wp\/v2\/types\/page"}],"author":[{"embeddable":true,"href":"https:\/\/www.int.sentia-sendai.jp\/nihongo-vn\/wp-json\/wp\/v2\/users\/1"}],"replies":[{"embeddable":true,"href":"https:\/\/www.int.sentia-sendai.jp\/nihongo-vn\/wp-json\/wp\/v2\/comments?post=146"}],"version-history":[{"count":3,"href":"https:\/\/www.int.sentia-sendai.jp\/nihongo-vn\/wp-json\/wp\/v2\/pages\/146\/revisions"}],"predecessor-version":[{"id":152,"href":"https:\/\/www.int.sentia-sendai.jp\/nihongo-vn\/wp-json\/wp\/v2\/pages\/146\/revisions\/152"}],"up":[{"embeddable":true,"href":"https:\/\/www.int.sentia-sendai.jp\/nihongo-vn\/wp-json\/wp\/v2\/pages\/67"}],"wp:attachment":[{"href":"https:\/\/www.int.sentia-sendai.jp\/nihongo-vn\/wp-json\/wp\/v2\/media?parent=146"}],"curies":[{"name":"wp","href":"https:\/\/api.w.org\/{rel}","templated":true}]}}