{"id":139,"date":"2024-09-25T11:30:49","date_gmt":"2024-09-25T02:30:49","guid":{"rendered":"https:\/\/www.int.sentia-sendai.jp\/nihongo-vn\/?page_id=139"},"modified":"2024-09-25T11:30:49","modified_gmt":"2024-09-25T02:30:49","slug":"khoa-hoc-tieng-nhat-mia","status":"publish","type":"page","link":"https:\/\/www.int.sentia-sendai.jp\/nihongo-vn\/class\/mia\/","title":{"rendered":"Kh\u00f3a h\u1ecdc ti\u1ebfng Nh\u1eadt MIA"},"content":{"rendered":"\n<p class=\"mt20\">T\u1ea1i kh\u00f3a h\u1ecdc ti\u1ebfng Nh\u1eadt MIA, b\u1ea1n c\u00f3 th\u1ec3 h\u1ecdc ti\u1ebfng nh\u1eadt theo tr\u00ecnh \u0111\u1ed9 kh\u00e1c nhau t\u1eeb nh\u1eefng ai m\u1edbi b\u1eaft \u0111\u1ea7u h\u1ecdc ti\u1ebfng Nh\u1eadt s\u01a1 c\u1ea5p \u0111\u1ebfn h\u1ecdc xong s\u01a1 c\u1ea5p v\u00e0 b\u1eaft \u0111\u1ea7u trung c\u1ea5p<\/p>\n\n\n\n<p>L\u1edbp h\u1ecdc bu\u1ed5i chi\u1ec1u S\u01a1 c\u1ea5p 1 v\u00e0 2 \u0111\u01b0\u1ee3c t\u1ed5 ch\u1ee9c 4 l\u1ea7n m\u1ed9t tu\u1ea7n, gi\u00fap b\u1ea1n c\u00f3 th\u1ec3 t\u1eadp trung v\u00e0o vi\u1ec7c h\u1ecdc ti\u1ebfng Nh\u1eadt. Ngo\u00e0i ra, c\u00e1c kh\u00f3a h\u1ecdc bu\u1ed5i t\u1ed1i, c\u00f2n l\u00e0 c\u01a1 h\u1ed9i h\u1ecdc t\u1eadp qu\u00fd gi\u00e1 cho nh\u1eefng ng\u01b0\u1eddi l\u00e0m vi\u1ec7c ban ng\u00e0y. T\u1ea1i MIA, ch\u00fang t\u00f4i s\u1ebd \u0111\u1eb7c bi\u1ec7t ch\u00fa tr\u1ecdng v\u00e0o vi\u1ec7c h\u1ecdc c\u00e1c k\u1ef9 n\u0103ng nghe v\u00e0 n\u00f3i ti\u1ebfng Nh\u1eadt c\u1ea7n thi\u1ebft cho cu\u1ed9c s\u1ed1ng h\u00e0ng ng\u00e0y. Ngo\u00e0i vi\u1ec7c h\u1ecdc b\u1eb1ng s\u00e1ch gi\u00e1o khoa, ch\u00fang t\u00f4i c\u00f2n c\u00f3 &#8221;th\u1eddi gian tr\u00f2 chuy\u1ec7n&#8221; \u0111\u1ec3 h\u1ecdc sinh c\u00f3 th\u1ec3 tr\u00f2 chuy\u1ec7n b\u1eb1ng ti\u1ebfng Nh\u1eadt v\u1edbi c\u00e1c t\u00ecnh nguy\u1ec7n vi\u00ean v\u00e0 nh\u1eefng ng\u01b0\u1eddi kh\u00e1c, c\u0169ng nh\u01b0 th\u1eddi gian \u0111\u00e0o t\u1ea1o \u0111\u1ec3 c\u00e1c em t\u00ecm hi\u1ec3u v\u1ec1 nh\u1eefng \u0111i\u1ec1u c\u1ea7n thi\u1ebft cho cu\u1ed9c s\u1ed1ng \u1edf Nh\u1eadt B\u1ea3n, ch\u1eb3ng h\u1ea1n nh\u01b0 ph\u00f2ng ch\u1ed1ng thi\u00ean tai v\u00e0 c\u00e1ch \u0111i \u0111\u1ebfn b\u1ec7nh vi\u1ec7n. N\u1ebfu b\u1ea1n quan t\u00e2m, xin vui l\u00f2ng li\u00ean h\u1ec7 v\u1edbi ch\u00fang t\u00f4i d\u01b0\u1edbi \u0111\u00e2y.<\/p>\n\n\n\n<p>Trang ch\u1ee7 c\u1ee7a Hi\u1ec7p h\u1ed9i qu\u1ed1c t\u1ebf h\u00f3a t\u1ec9nh Miyagi MIA<br><a href=\"https:\/\/mia-miyagi.jp\/\" target=\"_blank\" rel=\"noreferrer noopener\">https:\/\/mia-miyagi.jp\/<\/a><\/p>\n\n\n\n<p>\u203bNgo\u00e0i ti\u1ebfng Nh\u1eadt c\u00e1c b\u1ea1n c\u00f3 th\u1ec3 xem th\u00f4ng tin b\u1eb1ng ti\u1ebfng Anh, ti\u1ebfng Trung, ti\u1ebfng H\u00e0n, ti\u1ebfng Nepal, ti\u1ebfng Nh\u1eadt d\u1ec3 hi\u1ec3u.<\/p>\n\n\n\n<figure class=\"wp-block-table mb60-table under-element mt50\"><table><tbody><tr><td class=\"table-tit1\">\u0110\u1ed1i t\u01b0\u1ee3ng<\/td><td>S\u01a1 c\u1ea5p, Trung c\u1ea5p, H\u00e1n t\u1ef1<\/td><\/tr><tr><td class=\"table-tit1\">Th\u1eddi \u0111i\u1ec3m<\/td><td>T\u1eeb th\u00e1ng 4 \u0111\u1ebfn th\u00e1ng 7, th\u00e1ng 10 \u0111\u1ebfn th\u00e1ng 1<\/td><\/tr><tr><td class=\"table-tit1\">Ng\u00e0y gi\u1edd ho\u1ea1t \u0111\u1ed9ng<\/td><td>S\u01a1 c\u1ea5p th\u00ec 1 tu\u1ea7n 4 l\u1ea7n(t\u1eeb th\u1ee9 3 \u0111\u1ebfn th\u1ee9 6\u300010\uff1a00-12\uff1a00 ) <br>Trung c\u1ea5p th\u00ec 1 tu\u1ea7n 2 l\u1ea7n\uff08th\u1ee9 3 v\u00e0 th\u1ee9 5  13\uff1a00-15\uff1a00 \uff09<\/td><\/tr><tr><td class=\"table-tit1\">Ph\u00ed<\/td><td>S\u01a1 c\u1ea5p 1, 2\uff0827,500 y\u00ean\uff09<br>Trung c\u1ea5p 1 \uff0814,000 y\u00ean\uff09<br>\uff08Ph\u00ed s\u00e1ch gi\u00e1o khoa ri\u00eang\uff09<\/td><\/tr><tr><td class=\"table-tit1\">\u0110\u1ecba \u0111i\u1ec3m<\/td><td>Ph\u00f2ng \u0111\u00e0o t\u1ea1o Hi\u1ec7p h\u1ed9i Qu\u1ed1c t\u1ebf T\u1ec9nh Miyagi (MIA)\u3000\/ ph\u00f2ng \u0111\u00e0o t\u1ea1o,giao l\u01b0u<br>Sendai-shi Aoba-ku Tsutsumidori Amemiya-cho 4-17 Miyagiken Sendai Goudouchousha 7F<\/td><\/tr><tr><td class=\"table-tit1\">Li\u00ean h\u1ec7<\/td><td>Hi\u1ec7p h\u1ed9i qu\u1ed1c t\u1ebf h\u00f3a t\u1ec9nh Miyagi\uff08MIA\uff09<br>TEL\uff1a022-275-3796<\/td><\/tr><\/tbody><\/table><\/figure>\n\n\n\n<div class=\"wp-block-columns is-layout-flex wp-container-core-columns-is-layout-1 wp-block-columns-is-layout-flex\">\n<div class=\"wp-block-column is-layout-flow wp-block-column-is-layout-flow\">\n<figure class=\"wp-block-image size-full\"><img loading=\"lazy\" decoding=\"async\" width=\"1024\" height=\"683\" src=\"https:\/\/www.int.sentia-sendai.jp\/nihongo-vn\/_manage\/wp-content\/uploads\/2024\/09\/MIA\u65e5\u672c\u8a9e\u591c\u9593\u8b1b\u5ea7MIA\u63d0\u4f9b\uff09.jpg\" alt=\"\" class=\"wp-image-142\" srcset=\"https:\/\/www.int.sentia-sendai.jp\/nihongo-vn\/_manage\/wp-content\/uploads\/2024\/09\/MIA\u65e5\u672c\u8a9e\u591c\u9593\u8b1b\u5ea7MIA\u63d0\u4f9b\uff09.jpg 1024w, https:\/\/www.int.sentia-sendai.jp\/nihongo-vn\/_manage\/wp-content\/uploads\/2024\/09\/MIA\u65e5\u672c\u8a9e\u591c\u9593\u8b1b\u5ea7MIA\u63d0\u4f9b\uff09-300x200.jpg 300w, https:\/\/www.int.sentia-sendai.jp\/nihongo-vn\/_manage\/wp-content\/uploads\/2024\/09\/MIA\u65e5\u672c\u8a9e\u591c\u9593\u8b1b\u5ea7MIA\u63d0\u4f9b\uff09-768x512.jpg 768w\" sizes=\"(max-width: 1024px) 100vw, 1024px\" \/><figcaption>L\u1edbp h\u1ecdc m\u1edbi m\u1edf n\u00ean tr\u00f4ng m\u1ecdi ng\u01b0\u1eddi c\u00f3 v\u1ebb c\u0103ng th\u1eb3ng, khi quen d\u1ea7n,m\u1ecdi ng\u01b0\u1eddi trong l\u1edbp \u0111\u1ec1u th\u00e2n thi\u1ebft h\u1ecdc t\u1eadp c\u00f9ng nhau.<\/figcaption><\/figure>\n<\/div>\n\n\n\n<div class=\"wp-block-column is-layout-flow wp-block-column-is-layout-flow\">\n<figure class=\"wp-block-image size-full\"><img loading=\"lazy\" decoding=\"async\" width=\"1024\" height=\"683\" src=\"https:\/\/www.int.sentia-sendai.jp\/nihongo-vn\/_manage\/wp-content\/uploads\/2024\/09\/MIA\u65e5\u672c\u8a9e\u8b1b\u5ea7_0823-1.jpg\" alt=\"\" class=\"wp-image-143\" srcset=\"https:\/\/www.int.sentia-sendai.jp\/nihongo-vn\/_manage\/wp-content\/uploads\/2024\/09\/MIA\u65e5\u672c\u8a9e\u8b1b\u5ea7_0823-1.jpg 1024w, https:\/\/www.int.sentia-sendai.jp\/nihongo-vn\/_manage\/wp-content\/uploads\/2024\/09\/MIA\u65e5\u672c\u8a9e\u8b1b\u5ea7_0823-1-300x200.jpg 300w, https:\/\/www.int.sentia-sendai.jp\/nihongo-vn\/_manage\/wp-content\/uploads\/2024\/09\/MIA\u65e5\u672c\u8a9e\u8b1b\u5ea7_0823-1-768x512.jpg 768w\" sizes=\"(max-width: 1024px) 100vw, 1024px\" \/><figcaption>B\u1ea1n c\u0169ng s\u1ebd h\u1ecdc \u0111\u01b0\u1ee3c nh\u1eefng \u0111i\u1ec1u c\u1ea7n thi\u1ebft cho cu\u1ed9c s\u1ed1ng \u1edf Nh\u1eadt B\u1ea3n, ch\u1eb3ng h\u1ea1n nh\u01b0 ph\u00f2ng ch\u1ed1ng thi\u00ean tai v\u00e0 c\u00e1ch \u0111\u1ebfn b\u1ec7nh vi\u1ec7n.<\/figcaption><\/figure>\n<\/div>\n<\/div>\n\n\n\n<p><\/p>\n","protected":false},"excerpt":{"rendered":"<p>T\u1ea1i kh\u00f3a h\u1ecdc ti\u1ebfng Nh\u1eadt MIA, b\u1ea1n c\u00f3 th\u1ec3 h\u1ecdc ti\u1ebfng nh\u1eadt theo tr\u00ecnh \u0111\u1ed9 kh\u00e1c nhau t\u1eeb nh\u1eefng ai m\u1edbi b\u1eaft \u0111\u1ea7u h\u1ecdc ti\u1ebf [&hellip;]<\/p>\n","protected":false},"author":1,"featured_media":0,"parent":67,"menu_order":0,"comment_status":"closed","ping_status":"closed","template":"","meta":{"footnotes":""},"class_list":["post-139","page","type-page","status-publish","hentry"],"_links":{"self":[{"href":"https:\/\/www.int.sentia-sendai.jp\/nihongo-vn\/wp-json\/wp\/v2\/pages\/139"}],"collection":[{"href":"https:\/\/www.int.sentia-sendai.jp\/nihongo-vn\/wp-json\/wp\/v2\/pages"}],"about":[{"href":"https:\/\/www.int.sentia-sendai.jp\/nihongo-vn\/wp-json\/wp\/v2\/types\/page"}],"author":[{"embeddable":true,"href":"https:\/\/www.int.sentia-sendai.jp\/nihongo-vn\/wp-json\/wp\/v2\/users\/1"}],"replies":[{"embeddable":true,"href":"https:\/\/www.int.sentia-sendai.jp\/nihongo-vn\/wp-json\/wp\/v2\/comments?post=139"}],"version-history":[{"count":4,"href":"https:\/\/www.int.sentia-sendai.jp\/nihongo-vn\/wp-json\/wp\/v2\/pages\/139\/revisions"}],"predecessor-version":[{"id":145,"href":"https:\/\/www.int.sentia-sendai.jp\/nihongo-vn\/wp-json\/wp\/v2\/pages\/139\/revisions\/145"}],"up":[{"embeddable":true,"href":"https:\/\/www.int.sentia-sendai.jp\/nihongo-vn\/wp-json\/wp\/v2\/pages\/67"}],"wp:attachment":[{"href":"https:\/\/www.int.sentia-sendai.jp\/nihongo-vn\/wp-json\/wp\/v2\/media?parent=139"}],"curies":[{"name":"wp","href":"https:\/\/api.w.org\/{rel}","templated":true}]}}