{"id":127,"date":"2024-09-25T11:30:38","date_gmt":"2024-09-25T02:30:38","guid":{"rendered":"https:\/\/www.int.sentia-sendai.jp\/nihongo-vn\/?page_id=127"},"modified":"2024-09-25T11:30:38","modified_gmt":"2024-09-25T02:30:38","slug":"hoi-ho-tro-tre-em-nguoi-nuoc-ngoai","status":"publish","type":"page","link":"https:\/\/www.int.sentia-sendai.jp\/nihongo-vn\/class\/fc-support\/","title":{"rendered":"H\u1ed9i h\u1ed7 tr\u1ee3 tr\u1ebb em ng\u01b0\u1eddi n\u01b0\u1edbc ngo\u00e0i"},"content":{"rendered":"\n<pre class=\"wp-block-preformatted headline\">Ch\u00fang t\u00f4i s\u1ebd tr\u1ee3 gi\u00fap h\u1ecdc s\u00e1ch gi\u00e1o khoa c\u1ee7a tr\u01b0\u1eddng v\u00e0 ti\u1ebfng Nh\u1eadt cho tr\u1ebb em c\u00f3 d\u00f2ng ch\u1ea3y n\u01b0\u1edbc ngo\u00e0i.<\/pre>\n\n\n\n<p>T\u1eeb ti\u1ec3u h\u1ecdc \u0111\u1ebfn trung h\u1ecdc, ch\u00fang t\u00f4i gi\u00fap tr\u1ebb em c\u00f3 d\u00f2ng ch\u1ea3y n\u01b0\u1edbc ngo\u00e0i h\u1ecdc ti\u1ebfng Nh\u1eadt v\u00e0 \u00f4n t\u1eadp c\u00e1c m\u00f4n h\u1ecdc \u1edf tr\u01b0\u1eddng. Ch\u00fang t\u00f4i l\u00e0m vi\u1ec7c v\u1edbi t\u00e2m th\u1ebf nh\u01b0 d\u1ea1y m\u1ed9t \u0111\u1ee9a tr\u1ebb trong nh\u00e0.<\/p>\n\n\n\n<p>Ch\u00fang t\u00f4i c\u0169ng t\u1ed5 ch\u1ee9c c\u00e1c bu\u1ed5i h\u1ecdc ,d\u00e0nh cho nh\u1eefng ng\u01b0\u1eddi h\u1ed7 tr\u1ee3 ,tr\u1ebb em c\u00f3 d\u00f2ng ch\u1ea3y n\u01b0\u1edbc ngo\u00e0i. C\u00e1c bu\u1ed5i h\u1ecdc \u201c\u0111\u1ecbnh k\u00ec\u201d v\u00e0 \u201cvi\u1ebft s\u00e1ch d\u1ec5 hi\u1ec3u d\u00e0nh cho tr\u1ebb em\u201d th\u00ec s\u1ebd ti\u1ebfn h\u00e0nh tr\u1ef1c tuy\u1ebfn qua Zoom. V\u00ec c\u00f4ng khai n\u00ean b\u1ea5t c\u1ee9 ai c\u0169ng c\u00f3 th\u1ec3 tham gia.<\/p>\n\n\n\n<p>Trang ch\u1ee7 c\u1ee7a h\u1ed9i h\u1ed7 tr\u1ee3 tr\u1ebb em n\u01b0\u1edbc ngo\u00e0i<br>\n<a href=\"https:\/\/kodomosupport.jimdo.com\/\" target=\"_blank\" rel=\"noopener\">https:\/\/kodomosupport.jimdo.com\/<\/a><\/p>\n\n\n\n<figure class=\"wp-block-table mb60-table under-element mt50\"><table><tbody><tr><td class=\"table-tit1\">\u0110\u1ed1i t\u01b0\u1ee3ng<\/td><td>Ti\u1ec3u h\u1ecdc, Trung h\u1ecdc, C\u1ea5p 3<\/td><\/tr><tr><td class=\"table-tit1\">Th\u1eddi \u0111i\u1ec3m<\/td><td>Su\u1ed1t 1 n\u0103m<\/td><\/tr><tr><td class=\"table-tit1\">Ng\u00e0y gi\u1edd ho\u1ea1t \u0111\u1ed9ng<\/td><td>Sau gi\u1edd tan h\u1ecdc ng\u00e0y th\u01b0\u1eddng, trong ng\u00e0y th\u1ee9 7, ch\u1ee7 nh\u1eadt, 1 tu\u1ea7n 1 l\u1ea7n\uff082 ti\u1ebfng\uff09<\/td><\/tr><tr><td class=\"table-tit1\">Ph\u00ed<\/td><td>Ph\u00ed \u0111\u0103ng k\u00ed 1 n\u0103m 1000 y\u00ean, ph\u00ed h\u1ecdc th\u00ec mi\u1ec5n ph\u00ed<\/td><\/tr><tr><td class=\"table-tit1\">\u0110\u1ecba \u0111i\u1ec3m<\/td><td>Eru\u30fbsola Sendai ( g\u1ea7n ga Sendai t\u00f2a nh\u00e0 Aer t\u1ea7ng 28)<br>\u203bCh\u00fang t\u00f4i \u0111ang ti\u1ebfn h\u00e0nh h\u1ed7 tr\u1ee3 h\u1ecdc tr\u1ef1c tuy\u1ebfn.<\/td><\/tr><tr><td class=\"table-tit1\">Li\u00ean h\u1ec7<\/td><td>TEL\uff1a090-2793-8899\uff08Tadokoro\uff09<br>E-mail\uff1atadokoro12@yahoo.co.jp<\/td><\/tr><\/tbody><\/table><\/figure>\n\n\n\n<div class=\"wp-block-columns is-layout-flex wp-container-core-columns-is-layout-1 wp-block-columns-is-layout-flex\">\n<div class=\"wp-block-column is-layout-flow wp-block-column-is-layout-flow\">\n<figure class=\"wp-block-image size-large\"><img loading=\"lazy\" decoding=\"async\" width=\"1024\" height=\"768\" src=\"https:\/\/www.int.sentia-sendai.jp\/nihongo-vn\/_manage\/wp-content\/uploads\/2024\/09\/\u5916\u56fd\u4eba\u306e\u5b50\u3069\u3082\u30fb\u30b5\u30dd\u30fc\u30c8\u306e\u4f1a\u2461\u300c\u751f\u5f92\u4f1a\u54e1\u3068\u30b5\u30dd\u30fc\u30bf\u30fc\u4f1a\u54e1\u300d-1024x768.jpg\" alt=\"\" class=\"wp-image-131\" srcset=\"https:\/\/www.int.sentia-sendai.jp\/nihongo-vn\/_manage\/wp-content\/uploads\/2024\/09\/\u5916\u56fd\u4eba\u306e\u5b50\u3069\u3082\u30fb\u30b5\u30dd\u30fc\u30c8\u306e\u4f1a\u2461\u300c\u751f\u5f92\u4f1a\u54e1\u3068\u30b5\u30dd\u30fc\u30bf\u30fc\u4f1a\u54e1\u300d-1024x768.jpg 1024w, https:\/\/www.int.sentia-sendai.jp\/nihongo-vn\/_manage\/wp-content\/uploads\/2024\/09\/\u5916\u56fd\u4eba\u306e\u5b50\u3069\u3082\u30fb\u30b5\u30dd\u30fc\u30c8\u306e\u4f1a\u2461\u300c\u751f\u5f92\u4f1a\u54e1\u3068\u30b5\u30dd\u30fc\u30bf\u30fc\u4f1a\u54e1\u300d-300x225.jpg 300w, https:\/\/www.int.sentia-sendai.jp\/nihongo-vn\/_manage\/wp-content\/uploads\/2024\/09\/\u5916\u56fd\u4eba\u306e\u5b50\u3069\u3082\u30fb\u30b5\u30dd\u30fc\u30c8\u306e\u4f1a\u2461\u300c\u751f\u5f92\u4f1a\u54e1\u3068\u30b5\u30dd\u30fc\u30bf\u30fc\u4f1a\u54e1\u300d-768x576.jpg 768w, https:\/\/www.int.sentia-sendai.jp\/nihongo-vn\/_manage\/wp-content\/uploads\/2024\/09\/\u5916\u56fd\u4eba\u306e\u5b50\u3069\u3082\u30fb\u30b5\u30dd\u30fc\u30c8\u306e\u4f1a\u2461\u300c\u751f\u5f92\u4f1a\u54e1\u3068\u30b5\u30dd\u30fc\u30bf\u30fc\u4f1a\u54e1\u300d-1536x1152.jpg 1536w, https:\/\/www.int.sentia-sendai.jp\/nihongo-vn\/_manage\/wp-content\/uploads\/2024\/09\/\u5916\u56fd\u4eba\u306e\u5b50\u3069\u3082\u30fb\u30b5\u30dd\u30fc\u30c8\u306e\u4f1a\u2461\u300c\u751f\u5f92\u4f1a\u54e1\u3068\u30b5\u30dd\u30fc\u30bf\u30fc\u4f1a\u54e1\u300d.jpg 1600w\" sizes=\"(max-width: 1024px) 100vw, 1024px\" \/><figcaption>H\u1ecdc sinh v\u00e0 h\u1ed9i vi\u00ean h\u1ed7 tr\u1ee3<\/figcaption><\/figure>\n<\/div>\n\n\n\n<div class=\"wp-block-column is-layout-flow wp-block-column-is-layout-flow\">\n<figure class=\"wp-block-image size-full\"><img loading=\"lazy\" decoding=\"async\" width=\"640\" height=\"480\" src=\"https:\/\/www.int.sentia-sendai.jp\/nihongo-vn\/_manage\/wp-content\/uploads\/2024\/09\/\u5916\u56fd\u4eba\u306e\u5b50\u3069\u3082\u30fb\u30b5\u30dd\u30fc\u30c8\u306e\u4f1a\u2462\u300c\u4ea4\u6d41\u4f1a-\u79cb\u300d.jpg\" alt=\"\" class=\"wp-image-132\" srcset=\"https:\/\/www.int.sentia-sendai.jp\/nihongo-vn\/_manage\/wp-content\/uploads\/2024\/09\/\u5916\u56fd\u4eba\u306e\u5b50\u3069\u3082\u30fb\u30b5\u30dd\u30fc\u30c8\u306e\u4f1a\u2462\u300c\u4ea4\u6d41\u4f1a-\u79cb\u300d.jpg 640w, https:\/\/www.int.sentia-sendai.jp\/nihongo-vn\/_manage\/wp-content\/uploads\/2024\/09\/\u5916\u56fd\u4eba\u306e\u5b50\u3069\u3082\u30fb\u30b5\u30dd\u30fc\u30c8\u306e\u4f1a\u2462\u300c\u4ea4\u6d41\u4f1a-\u79cb\u300d-300x225.jpg 300w\" sizes=\"(max-width: 640px) 100vw, 640px\" \/><figcaption>H\u1ed9i giao l\u01b0u\u00a0 m\u00f9a thu<\/figcaption><\/figure>\n<\/div>\n\n\n\n<div class=\"wp-block-column is-layout-flow wp-block-column-is-layout-flow\">\n<figure class=\"wp-block-image size-full\"><img loading=\"lazy\" decoding=\"async\" width=\"794\" height=\"550\" src=\"https:\/\/www.int.sentia-sendai.jp\/nihongo-vn\/_manage\/wp-content\/uploads\/2024\/09\/\u5916\u56fd\u306e\u5b50\u3069\u3082\u30b5\u30dd\u30fc\u30c8\u306e\u4f1a_2.jpg\" alt=\"\" class=\"wp-image-133\" srcset=\"https:\/\/www.int.sentia-sendai.jp\/nihongo-vn\/_manage\/wp-content\/uploads\/2024\/09\/\u5916\u56fd\u306e\u5b50\u3069\u3082\u30b5\u30dd\u30fc\u30c8\u306e\u4f1a_2.jpg 794w, https:\/\/www.int.sentia-sendai.jp\/nihongo-vn\/_manage\/wp-content\/uploads\/2024\/09\/\u5916\u56fd\u306e\u5b50\u3069\u3082\u30b5\u30dd\u30fc\u30c8\u306e\u4f1a_2-300x208.jpg 300w, https:\/\/www.int.sentia-sendai.jp\/nihongo-vn\/_manage\/wp-content\/uploads\/2024\/09\/\u5916\u56fd\u306e\u5b50\u3069\u3082\u30b5\u30dd\u30fc\u30c8\u306e\u4f1a_2-768x532.jpg 768w\" sizes=\"(max-width: 794px) 100vw, 794px\" \/><\/figure>\n<\/div>\n<\/div>\n\n\n\n<h3 class=\"wp-block-heading\">T\u1ea3i v\u1ec1<\/h3>\n\n\n\n<div class=\"wp-block-file file-download\">H\u1ed9i h\u1ed7 tr\u1ee3 tr\u1ebb em ng\u01b0\u1eddi n\u01b0\u1edbc ngo\u00e0i<a href=\"https:\/\/www.int.sentia-sendai.jp\/nihongo-vn\/_manage\/wp-content\/uploads\/2024\/09\/\u30d9\u30c8\u30ca\u30e0\u8a9e_12-\u751f\u5f92\u4f1a\u54e1\u306e\u307f\u306a\u3055\u307e\u3078-2.pdf\" class=\"wp-block-file__button wp-element-button\" download aria-describedby=\"wp-block-file--media-50f5fbd1-9a4c-4745-b8c8-b8cbaa8dd0ff\">T\u1ea3i v\u1ec1<\/a><\/div>\n\n\n\n<p><\/p>\n","protected":false},"excerpt":{"rendered":"<p>Ch\u00fang t\u00f4i s\u1ebd tr\u1ee3 gi\u00fap h\u1ecdc s\u00e1ch gi\u00e1o khoa c\u1ee7a tr\u01b0\u1eddng v\u00e0 ti\u1ebfng Nh\u1eadt cho tr\u1ebb em c\u00f3 d\u00f2ng ch\u1ea3y n\u01b0\u1edbc ngo\u00e0i. T\u1eeb ti\u1ec3u  [&hellip;]<\/p>\n","protected":false},"author":1,"featured_media":0,"parent":67,"menu_order":0,"comment_status":"closed","ping_status":"closed","template":"","meta":{"footnotes":""},"class_list":["post-127","page","type-page","status-publish","hentry"],"_links":{"self":[{"href":"https:\/\/www.int.sentia-sendai.jp\/nihongo-vn\/wp-json\/wp\/v2\/pages\/127"}],"collection":[{"href":"https:\/\/www.int.sentia-sendai.jp\/nihongo-vn\/wp-json\/wp\/v2\/pages"}],"about":[{"href":"https:\/\/www.int.sentia-sendai.jp\/nihongo-vn\/wp-json\/wp\/v2\/types\/page"}],"author":[{"embeddable":true,"href":"https:\/\/www.int.sentia-sendai.jp\/nihongo-vn\/wp-json\/wp\/v2\/users\/1"}],"replies":[{"embeddable":true,"href":"https:\/\/www.int.sentia-sendai.jp\/nihongo-vn\/wp-json\/wp\/v2\/comments?post=127"}],"version-history":[{"count":7,"href":"https:\/\/www.int.sentia-sendai.jp\/nihongo-vn\/wp-json\/wp\/v2\/pages\/127\/revisions"}],"predecessor-version":[{"id":138,"href":"https:\/\/www.int.sentia-sendai.jp\/nihongo-vn\/wp-json\/wp\/v2\/pages\/127\/revisions\/138"}],"up":[{"embeddable":true,"href":"https:\/\/www.int.sentia-sendai.jp\/nihongo-vn\/wp-json\/wp\/v2\/pages\/67"}],"wp:attachment":[{"href":"https:\/\/www.int.sentia-sendai.jp\/nihongo-vn\/wp-json\/wp\/v2\/media?parent=127"}],"curies":[{"name":"wp","href":"https:\/\/api.w.org\/{rel}","templated":true}]}}