{"id":119,"date":"2024-09-25T11:31:00","date_gmt":"2024-09-25T02:31:00","guid":{"rendered":"https:\/\/www.int.sentia-sendai.jp\/nihongo-vn\/?page_id=119"},"modified":"2025-07-30T15:06:31","modified_gmt":"2025-07-30T06:06:31","slug":"khoa-tieng-nhat-danh-cho-tre-em%e3%80%8ccau-lac-bo-tieng-nhat-cap-toc%e3%80%8d","status":"publish","type":"page","link":"https:\/\/www.int.sentia-sendai.jp\/nihongo-vn\/class\/satto-jclab\/","title":{"rendered":"Kh\u00f3a ti\u1ebfng Nh\u1eadt d\u00e0nh cho tr\u1ebb em\u300cC\u00e2u l\u1ea1c b\u1ed9 ti\u1ebfng Nh\u1eadt c\u1ea5p t\u1ed1c\u300d"},"content":{"rendered":"\n<pre class=\"wp-block-preformatted headline\">\u0110\u00e2y l\u00e0 kh\u00f3a h\u1ecdc d\u00e0nh cho h\u1ecdc sinh \u0111\u1ebfn t\u1eeb n\u01b0\u1edbc ngo\u00e0i b\u1eadc ti\u1ec3u h\u1ecdc v\u00e0 trung h\u1ecdc. Ch\u00fang t\u00f4i c\u0169ng h\u1ed7 tr\u1ee3 vi\u1ec7c h\u1ecdc \u1edf tr\u01b0\u1eddng.<\/pre>\n\n\n\n<p>\u0110\u00e2y l\u00e0 kh\u00f3a h\u1ecdc d\u00e0nh cho h\u1ecdc sinh \u0111\u1ebfn t\u1eeb n\u01b0\u1edbc ngo\u00e0i b\u1eadc ti\u1ec3u h\u1ecdc v\u00e0 trung h\u1ecdc. Ch\u00fang t\u00f4i c\u0169ng h\u1ed7 tr\u1ee3 vi\u1ec7c h\u1ecdc \u1edf tr\u01b0\u1eddng. Ngo\u00e0i vi\u1ec7c h\u1ecdc ra, c\u0169ng c\u00f3 t\u1ed5 ch\u1ee9c s\u1ef1 ki\u1ec7n, v\u00e0 tr\u00f2 ch\u01a1i th\u00fa v\u1ecb. H\u00e3y c\u00f9ng v\u1edbi b\u1ea1n b\u00e8 t\u1eeb nhi\u1ec1u n\u01b0\u1edbc h\u1ecdc ti\u1ebfng Nh\u1eadt vui v\u1ebb nh\u00e9.<\/p>\n\n\n\n<figure class=\"wp-block-table mb60-table under-element mt50\"><table><tbody><tr><td class=\"table-tit1\">\u0110\u1ed1i t\u01b0\u1ee3ng<\/td><td>H\u1ecdc sinh ti\u1ec3u h\u1ecdc, trung h\u1ecdc<\/td><\/tr><tr><td class=\"table-tit1\">Th\u1eddi \u0111i\u1ec3m<\/td><td>T\u1eeb th\u00e1ng 5 \u0111\u1ebfn th\u00e1ng 2\uff08ngo\u1ea1i tr\u1eeb ngh\u1ec9 xu\u00e2n, ngh\u1ec9 \u0111\u00f4ng\uff09<\/td><\/tr><tr><td class=\"table-tit1\">Ng\u00e0y gi\u1edd ho\u1ea1t \u0111\u1ed9ng<\/td><td>Th\u1ee9 7 m\u1ed7i tu\u1ea7n 10\uff1a00-12\uff1a00<\/td><\/tr><tr><td class=\"table-tit1\">Ph\u00ed<\/td><td>Ph\u00ed h\u00e0ng n\u0103m 1,000 y\u00ean<\/td><\/tr><tr><td class=\"table-tit1\">Li\u00ean h\u1ec7<\/td><td>Aobaku Chuoshimin Center<br>TEL\uff1a022-263-5010<\/td><\/tr><\/tbody><\/table><\/figure>\n\n\n\n<div class=\"wp-block-columns is-layout-flex wp-container-core-columns-is-layout-1 wp-block-columns-is-layout-flex\">\n<div class=\"wp-block-column is-layout-flow wp-block-column-is-layout-flow\">\n<figure class=\"wp-block-image size-large\"><img loading=\"lazy\" decoding=\"async\" width=\"1024\" height=\"768\" src=\"https:\/\/www.int.sentia-sendai.jp\/nihongo-vn\/_manage\/wp-content\/uploads\/2024\/09\/\u3055\u3063\u3068\u65e5\u672c\u8a9e\u30af\u30e9\u30d6-1-1024x768.jpg\" alt=\"\" class=\"wp-image-122\" srcset=\"https:\/\/www.int.sentia-sendai.jp\/nihongo-vn\/_manage\/wp-content\/uploads\/2024\/09\/\u3055\u3063\u3068\u65e5\u672c\u8a9e\u30af\u30e9\u30d6-1-1024x768.jpg 1024w, https:\/\/www.int.sentia-sendai.jp\/nihongo-vn\/_manage\/wp-content\/uploads\/2024\/09\/\u3055\u3063\u3068\u65e5\u672c\u8a9e\u30af\u30e9\u30d6-1-300x225.jpg 300w, https:\/\/www.int.sentia-sendai.jp\/nihongo-vn\/_manage\/wp-content\/uploads\/2024\/09\/\u3055\u3063\u3068\u65e5\u672c\u8a9e\u30af\u30e9\u30d6-1-768x576.jpg 768w, https:\/\/www.int.sentia-sendai.jp\/nihongo-vn\/_manage\/wp-content\/uploads\/2024\/09\/\u3055\u3063\u3068\u65e5\u672c\u8a9e\u30af\u30e9\u30d6-1-1536x1152.jpg 1536w, https:\/\/www.int.sentia-sendai.jp\/nihongo-vn\/_manage\/wp-content\/uploads\/2024\/09\/\u3055\u3063\u3068\u65e5\u672c\u8a9e\u30af\u30e9\u30d6-1-2048x1536.jpg 2048w\" sizes=\"(max-width: 1024px) 100vw, 1024px\" \/><\/figure>\n<\/div>\n\n\n\n<div class=\"wp-block-column is-layout-flow wp-block-column-is-layout-flow\">\n<figure class=\"wp-block-image size-large\"><img loading=\"lazy\" decoding=\"async\" width=\"1024\" height=\"768\" src=\"https:\/\/www.int.sentia-sendai.jp\/nihongo-vn\/_manage\/wp-content\/uploads\/2024\/09\/\u3055\u3063\u3068\u65e5\u672c\u8a9e\u30af\u30e9\u30d6_1-1024x768.jpg\" alt=\"\" class=\"wp-image-123\" srcset=\"https:\/\/www.int.sentia-sendai.jp\/nihongo-vn\/_manage\/wp-content\/uploads\/2024\/09\/\u3055\u3063\u3068\u65e5\u672c\u8a9e\u30af\u30e9\u30d6_1-1024x768.jpg 1024w, https:\/\/www.int.sentia-sendai.jp\/nihongo-vn\/_manage\/wp-content\/uploads\/2024\/09\/\u3055\u3063\u3068\u65e5\u672c\u8a9e\u30af\u30e9\u30d6_1-300x225.jpg 300w, https:\/\/www.int.sentia-sendai.jp\/nihongo-vn\/_manage\/wp-content\/uploads\/2024\/09\/\u3055\u3063\u3068\u65e5\u672c\u8a9e\u30af\u30e9\u30d6_1-768x576.jpg 768w, https:\/\/www.int.sentia-sendai.jp\/nihongo-vn\/_manage\/wp-content\/uploads\/2024\/09\/\u3055\u3063\u3068\u65e5\u672c\u8a9e\u30af\u30e9\u30d6_1-1536x1152.jpg 1536w, https:\/\/www.int.sentia-sendai.jp\/nihongo-vn\/_manage\/wp-content\/uploads\/2024\/09\/\u3055\u3063\u3068\u65e5\u672c\u8a9e\u30af\u30e9\u30d6_1-2048x1536.jpg 2048w\" sizes=\"(max-width: 1024px) 100vw, 1024px\" \/><\/figure>\n<\/div>\n\n\n\n<div class=\"wp-block-column is-layout-flow wp-block-column-is-layout-flow\">\n<figure class=\"wp-block-image size-large\"><img loading=\"lazy\" decoding=\"async\" width=\"1024\" height=\"768\" src=\"https:\/\/www.int.sentia-sendai.jp\/nihongo-vn\/_manage\/wp-content\/uploads\/2024\/09\/\u3055\u3063\u3068\u65e5\u672c\u8a9e\u30af\u30e9\u30d6_2-1024x768.jpg\" alt=\"\" class=\"wp-image-124\" srcset=\"https:\/\/www.int.sentia-sendai.jp\/nihongo-vn\/_manage\/wp-content\/uploads\/2024\/09\/\u3055\u3063\u3068\u65e5\u672c\u8a9e\u30af\u30e9\u30d6_2-1024x768.jpg 1024w, https:\/\/www.int.sentia-sendai.jp\/nihongo-vn\/_manage\/wp-content\/uploads\/2024\/09\/\u3055\u3063\u3068\u65e5\u672c\u8a9e\u30af\u30e9\u30d6_2-300x225.jpg 300w, https:\/\/www.int.sentia-sendai.jp\/nihongo-vn\/_manage\/wp-content\/uploads\/2024\/09\/\u3055\u3063\u3068\u65e5\u672c\u8a9e\u30af\u30e9\u30d6_2-768x576.jpg 768w, https:\/\/www.int.sentia-sendai.jp\/nihongo-vn\/_manage\/wp-content\/uploads\/2024\/09\/\u3055\u3063\u3068\u65e5\u672c\u8a9e\u30af\u30e9\u30d6_2-1536x1152.jpg 1536w, https:\/\/www.int.sentia-sendai.jp\/nihongo-vn\/_manage\/wp-content\/uploads\/2024\/09\/\u3055\u3063\u3068\u65e5\u672c\u8a9e\u30af\u30e9\u30d6_2-2048x1536.jpg 2048w\" sizes=\"(max-width: 1024px) 100vw, 1024px\" \/><\/figure>\n<\/div>\n<\/div>\n\n\n\n<p><\/p>\n","protected":false},"excerpt":{"rendered":"<p>\u0110\u00e2y l\u00e0 kh\u00f3a h\u1ecdc d\u00e0nh cho h\u1ecdc sinh \u0111\u1ebfn t\u1eeb n\u01b0\u1edbc ngo\u00e0i b\u1eadc ti\u1ec3u h\u1ecdc v\u00e0 trung h\u1ecdc. Ch\u00fang t\u00f4i c\u0169ng h\u1ed7 tr\u1ee3 vi\u1ec7c h\u1ecdc  [&hellip;]<\/p>\n","protected":false},"author":1,"featured_media":0,"parent":67,"menu_order":0,"comment_status":"closed","ping_status":"closed","template":"","meta":{"footnotes":""},"class_list":["post-119","page","type-page","status-publish","hentry"],"_links":{"self":[{"href":"https:\/\/www.int.sentia-sendai.jp\/nihongo-vn\/wp-json\/wp\/v2\/pages\/119"}],"collection":[{"href":"https:\/\/www.int.sentia-sendai.jp\/nihongo-vn\/wp-json\/wp\/v2\/pages"}],"about":[{"href":"https:\/\/www.int.sentia-sendai.jp\/nihongo-vn\/wp-json\/wp\/v2\/types\/page"}],"author":[{"embeddable":true,"href":"https:\/\/www.int.sentia-sendai.jp\/nihongo-vn\/wp-json\/wp\/v2\/users\/1"}],"replies":[{"embeddable":true,"href":"https:\/\/www.int.sentia-sendai.jp\/nihongo-vn\/wp-json\/wp\/v2\/comments?post=119"}],"version-history":[{"count":5,"href":"https:\/\/www.int.sentia-sendai.jp\/nihongo-vn\/wp-json\/wp\/v2\/pages\/119\/revisions"}],"predecessor-version":[{"id":380,"href":"https:\/\/www.int.sentia-sendai.jp\/nihongo-vn\/wp-json\/wp\/v2\/pages\/119\/revisions\/380"}],"up":[{"embeddable":true,"href":"https:\/\/www.int.sentia-sendai.jp\/nihongo-vn\/wp-json\/wp\/v2\/pages\/67"}],"wp:attachment":[{"href":"https:\/\/www.int.sentia-sendai.jp\/nihongo-vn\/wp-json\/wp\/v2\/media?parent=119"}],"curies":[{"name":"wp","href":"https:\/\/api.w.org\/{rel}","templated":true}]}}