{"id":113,"date":"2024-09-25T11:31:05","date_gmt":"2024-09-25T02:31:05","guid":{"rendered":"https:\/\/www.int.sentia-sendai.jp\/nihongo-vn\/?page_id=113"},"modified":"2025-04-01T13:18:55","modified_gmt":"2025-04-01T04:18:55","slug":"khoa-tieng-nhat-icas","status":"publish","type":"page","link":"https:\/\/www.int.sentia-sendai.jp\/nihongo-vn\/class\/icas\/","title":{"rendered":"Kh\u00f3a ti\u1ebfng Nh\u1eadt ICAS"},"content":{"rendered":"\n<p class=\"mt20\">\u0110\u00e2y l\u00e0 kh\u00f3a h\u1ecdc ti\u1ebfng Nh\u1eadt tr\u1ef1c tuy\u1ebfn. S\u1ebd c\u00f3 d\u1ea1ng h\u1ecdc 1\uff1a1 v\u00e0 h\u1ecdc nh\u00f3m nh\u1ecf t\u1eeb 2 ng\u01b0\u1eddi tr\u1edf l\u00ean. B\u1ea1n c\u00f3 th\u1ec3 th\u1ea3o lu\u1eadn v\u1ec1 ng\u00e0y h\u1ecdc v\u00e0 sau \u0111\u00f3 quy\u1ebft \u0111\u1ecbnh. Ch\u00fang t\u00f4i m\u1edbi m\u1edf kh\u00f3a h\u1ecdc m\u1edbi \u300cth\u1eed th\u00e1ch JLPT\u300d.B\u1ea1n c\u00f3 th\u1ec3 h\u1ecdc v\u1ec1 k\u00ec thi n\u0103ng l\u1ef1c ti\u1ebfng Nh\u1eadt. C\u00f9ng nhau h\u1ecdc ti\u1ebfng Nh\u1eadt n\u00e0o.<\/p>\n\n\n\n<figure class=\"wp-block-table mb60-table under-element mt50\"><table><tbody><tr><td class=\"table-tit1\">\u0110\u1ed1i t\u01b0\u1ee3ng<\/td><td>Kh\u00f3a s\u01a1 c\u1ea5p<br>Kh\u00f3a th\u1eed th\u00e1ch ti\u1ebfng Nh\u1eadt<\/td><\/tr><tr><td class=\"table-tit1\">Th\u1eddi \u0111i\u1ec3m<\/td><td>B\u1ea5t c\u1ee9 khi n\u00e0o<\/td><\/tr><tr><td class=\"table-tit1\">Ng\u00e0y gi\u1edd ho\u1ea1t \u0111\u1ed9ng<\/td><td>Th\u1ea3o lu\u1eadn sau \u0111\u00f3 s\u1ebd quy\u1ebft \u0111\u1ecbnh <br>*V\u00ec hi\u1ec7n t\u1ea1i \u0111\u00e3 \u0111\u1ee7 s\u1ed1 l\u01b0\u1ee3ng ng\u01b0\u1eddi tham gia  n\u00ean, ch\u00fang t\u00f4i t\u1ea1m th\u1eddi kh\u00f4ng tuy\u1ec3n sinh n\u1eefa.<\/td><\/tr><tr><td class=\"table-tit1\">Ph\u00ed<\/td><td>L\u1edbp h\u1ecdc c\u00e1 nh\u00e2n 8000 y\u00ean\uff081 th\u00e1ng 4 l\u1ea7n\uff09<br>L\u1edbp h\u1ecdc nh\u1ecf 6000 y\u00ean\uff081 th\u00e1ng 4 l\u1ea7n\uff09<\/td><\/tr><tr><td class=\"table-tit1\">\u0110\u1ecba \u0111i\u1ec3m<\/td><td>Tr\u1ef1c tuy\u1ebfn<\/td><\/tr><tr><td class=\"table-tit1\">Li\u00ean h\u1ec7<\/td><td>Hi\u1ec7p h\u1ed9i C\u00f4ng d\u00e2n H\u1ed7 tr\u1ee3 Th\u00e0nh ph\u1ed1 Qu\u1ed1c t\u1ebf Sendai (ICAS)<br>npo.icas@gmail.com<\/td><\/tr><\/tbody><\/table><\/figure>\n\n\n\n<h3 class=\"wp-block-heading\">T\u1ea3i v\u1ec1<\/h3>\n\n\n\n<div class=\"wp-block-file file-download\">t\u1edd r\u01a1i[PDF]<a href=\"https:\/\/int.sentia-sendai.jp\/blog\/wp-content\/uploads\/2025\/04\/\u30a2\u30a4\u30ab\u30b9\u65e5\u672c\u8a9e\u8b1b\u5ea7\u30dd\u30b9\u30bf\u30fc\u65e5\u30fb\u82f1\u72482025\u5e74\u5ea6\uff5e.pdf\" class=\"wp-block-file__button wp-element-button\" download aria-describedby=\"wp-block-file--media-de00ebb8-4bd9-4b27-be7c-9e70b521a634\">T\u1ea3i v\u1ec1<\/a><\/div>\n","protected":false},"excerpt":{"rendered":"<p>\u0110\u00e2y l\u00e0 kh\u00f3a h\u1ecdc ti\u1ebfng Nh\u1eadt tr\u1ef1c tuy\u1ebfn. S\u1ebd c\u00f3 d\u1ea1ng h\u1ecdc 1\uff1a1 v\u00e0 h\u1ecdc nh\u00f3m nh\u1ecf t\u1eeb 2 ng\u01b0\u1eddi tr\u1edf l\u00ean. B\u1ea1n c\u00f3 th\u1ec3 th\u1ea3o  [&hellip;]<\/p>\n","protected":false},"author":1,"featured_media":0,"parent":67,"menu_order":0,"comment_status":"closed","ping_status":"closed","template":"","meta":{"footnotes":""},"class_list":["post-113","page","type-page","status-publish","hentry"],"_links":{"self":[{"href":"https:\/\/www.int.sentia-sendai.jp\/nihongo-vn\/wp-json\/wp\/v2\/pages\/113"}],"collection":[{"href":"https:\/\/www.int.sentia-sendai.jp\/nihongo-vn\/wp-json\/wp\/v2\/pages"}],"about":[{"href":"https:\/\/www.int.sentia-sendai.jp\/nihongo-vn\/wp-json\/wp\/v2\/types\/page"}],"author":[{"embeddable":true,"href":"https:\/\/www.int.sentia-sendai.jp\/nihongo-vn\/wp-json\/wp\/v2\/users\/1"}],"replies":[{"embeddable":true,"href":"https:\/\/www.int.sentia-sendai.jp\/nihongo-vn\/wp-json\/wp\/v2\/comments?post=113"}],"version-history":[{"count":7,"href":"https:\/\/www.int.sentia-sendai.jp\/nihongo-vn\/wp-json\/wp\/v2\/pages\/113\/revisions"}],"predecessor-version":[{"id":339,"href":"https:\/\/www.int.sentia-sendai.jp\/nihongo-vn\/wp-json\/wp\/v2\/pages\/113\/revisions\/339"}],"up":[{"embeddable":true,"href":"https:\/\/www.int.sentia-sendai.jp\/nihongo-vn\/wp-json\/wp\/v2\/pages\/67"}],"wp:attachment":[{"href":"https:\/\/www.int.sentia-sendai.jp\/nihongo-vn\/wp-json\/wp\/v2\/media?parent=113"}],"curies":[{"name":"wp","href":"https:\/\/api.w.org\/{rel}","templated":true}]}}